{"id":403,"date":"2024-11-13T16:57:12","date_gmt":"2024-11-13T15:57:12","guid":{"rendered":"https:\/\/naturelive.fr\/?page_id=403"},"modified":"2024-11-14T09:24:24","modified_gmt":"2024-11-14T08:24:24","slug":"into-the-wild-in-sweden","status":"publish","type":"page","link":"https:\/\/naturelive.be\/index.php\/into-the-wild-in-sweden\/","title":{"rendered":"Into the wild in  Sweden"},"content":{"rendered":"\t\t<div data-elementor-type=\"wp-page\" data-elementor-id=\"403\" class=\"elementor elementor-403\">\n\t\t\t\t<div class=\"elementor-element elementor-element-00de58c e-flex e-con-boxed e-con e-parent\" data-id=\"00de58c\" data-element_type=\"container\" data-e-type=\"container\">\n\t\t\t\t\t<div class=\"e-con-inner\">\n\t\t\t\t<div class=\"elementor-element elementor-element-c27156f elementor-widget elementor-widget-text-editor\" data-id=\"c27156f\" data-element_type=\"widget\" data-e-type=\"widget\" data-widget_type=\"text-editor.default\">\n\t\t\t\t<div class=\"elementor-widget-container\">\n\t\t\t\t\t\t\t\t\t<p style=\"text-align: center;\">Vivez une exp\u00e9rience nature hors du commun, une semaine en harmonie compl\u00e8te avec la nature.\u00a0<br \/>On monte les tentes et on installe le campement au bord du lac \u2026. , on y reste toute la semaine pour vivre au rythme de la nature.<br \/>Une semaine coup\u00e9e du monde et de la technologie pour profiter du silence et du calme de la for\u00eat.<br \/>Nous vivrons en autonomie dans la nature tout en la respectant.<\/p><p style=\"text-align: center;\">Nous d\u00e9couvrirons la beaut\u00e9 des for\u00eats su\u00e9doises et de ses lacs, nous partirons sur les traces de l\u2019\u00e9lan, du castor et du t\u00e9tra<b>\u00a0<\/b>\u2026\u00a0\u00a0<\/p>\t\t\t\t\t\t\t\t<\/div>\n\t\t\t\t<\/div>\n\t\t\t\t\t<\/div>\n\t\t\t\t<\/div>\n\t\t<div class=\"elementor-element elementor-element-50cb4b2 e-grid e-con-boxed e-con e-parent\" data-id=\"50cb4b2\" data-element_type=\"container\" data-e-type=\"container\">\n\t\t\t\t\t<div class=\"e-con-inner\">\n\t\t\t\t<div class=\"elementor-element elementor-element-680b3a1 elementor-view-default elementor-position-block-start elementor-mobile-position-block-start elementor-widget elementor-widget-icon-box\" data-id=\"680b3a1\" data-element_type=\"widget\" data-e-type=\"widget\" data-widget_type=\"icon-box.default\">\n\t\t\t\t<div class=\"elementor-widget-container\">\n\t\t\t\t\t\t\t<div class=\"elementor-icon-box-wrapper\">\n\n\t\t\t\t\t\t<div class=\"elementor-icon-box-icon\">\n\t\t\t\t<span  class=\"elementor-icon\">\n\t\t\t\t<svg aria-hidden=\"true\" class=\"e-font-icon-svg e-fas-calendar-day\" viewBox=\"0 0 448 512\" xmlns=\"http:\/\/www.w3.org\/2000\/svg\"><path d=\"M0 464c0 26.5 21.5 48 48 48h352c26.5 0 48-21.5 48-48V192H0v272zm64-192c0-8.8 7.2-16 16-16h96c8.8 0 16 7.2 16 16v96c0 8.8-7.2 16-16 16H80c-8.8 0-16-7.2-16-16v-96zM400 64h-48V16c0-8.8-7.2-16-16-16h-32c-8.8 0-16 7.2-16 16v48H160V16c0-8.8-7.2-16-16-16h-32c-8.8 0-16 7.2-16 16v48H48C21.5 64 0 85.5 0 112v48h448v-48c0-26.5-21.5-48-48-48z\"><\/path><\/svg>\t\t\t\t<\/span>\n\t\t\t<\/div>\n\t\t\t\n\t\t\t\t\t\t<div class=\"elementor-icon-box-content\">\n\n\t\t\t\t\t\t\t\t\t<h3 class=\"elementor-icon-box-title\">\n\t\t\t\t\t\t<span  >\n\t\t\t\t\t\t\t7 JOURS\t\t\t\t\t\t<\/span>\n\t\t\t\t\t<\/h3>\n\t\t\t\t\n\t\t\t\t\n\t\t\t<\/div>\n\t\t\t\n\t\t<\/div>\n\t\t\t\t\t\t<\/div>\n\t\t\t\t<\/div>\n\t\t\t\t<div class=\"elementor-element elementor-element-160bfb6 elementor-view-default elementor-position-block-start elementor-mobile-position-block-start elementor-widget elementor-widget-icon-box\" data-id=\"160bfb6\" data-element_type=\"widget\" data-e-type=\"widget\" data-widget_type=\"icon-box.default\">\n\t\t\t\t<div class=\"elementor-widget-container\">\n\t\t\t\t\t\t\t<div class=\"elementor-icon-box-wrapper\">\n\n\t\t\t\t\t\t<div class=\"elementor-icon-box-icon\">\n\t\t\t\t<span  class=\"elementor-icon\">\n\t\t\t\t<svg aria-hidden=\"true\" class=\"e-font-icon-svg e-fas-euro-sign\" viewBox=\"0 0 320 512\" xmlns=\"http:\/\/www.w3.org\/2000\/svg\"><path d=\"M310.706 413.765c-1.314-6.63-7.835-10.872-14.424-9.369-10.692 2.439-27.422 5.413-45.426 5.413-56.763 0-101.929-34.79-121.461-85.449h113.689a12 12 0 0 0 11.708-9.369l6.373-28.36c1.686-7.502-4.019-14.631-11.708-14.631H115.22c-1.21-14.328-1.414-28.287.137-42.245H261.95a12 12 0 0 0 11.723-9.434l6.512-29.755c1.638-7.484-4.061-14.566-11.723-14.566H130.184c20.633-44.991 62.69-75.03 117.619-75.03 14.486 0 28.564 2.25 37.851 4.145 6.216 1.268 12.347-2.498 14.002-8.623l11.991-44.368c1.822-6.741-2.465-13.616-9.326-14.917C290.217 34.912 270.71 32 249.635 32 152.451 32 74.03 92.252 45.075 176H12c-6.627 0-12 5.373-12 12v29.755c0 6.627 5.373 12 12 12h21.569c-1.009 13.607-1.181 29.287-.181 42.245H12c-6.627 0-12 5.373-12 12v28.36c0 6.627 5.373 12 12 12h30.114C67.139 414.692 145.264 480 249.635 480c26.301 0 48.562-4.544 61.101-7.788 6.167-1.595 10.027-7.708 8.788-13.957l-8.818-44.49z\"><\/path><\/svg>\t\t\t\t<\/span>\n\t\t\t<\/div>\n\t\t\t\n\t\t\t\t\t\t<div class=\"elementor-icon-box-content\">\n\n\t\t\t\t\t\t\t\t\t<h3 class=\"elementor-icon-box-title\">\n\t\t\t\t\t\t<span  >\n\t\t\t\t\t\t\t800 + Vol\t\t\t\t\t\t<\/span>\n\t\t\t\t\t<\/h3>\n\t\t\t\t\n\t\t\t\t\n\t\t\t<\/div>\n\t\t\t\n\t\t<\/div>\n\t\t\t\t\t\t<\/div>\n\t\t\t\t<\/div>\n\t\t\t\t<div class=\"elementor-element elementor-element-a4f37e2 elementor-view-default elementor-position-block-start elementor-mobile-position-block-start elementor-widget elementor-widget-icon-box\" data-id=\"a4f37e2\" data-element_type=\"widget\" data-e-type=\"widget\" data-widget_type=\"icon-box.default\">\n\t\t\t\t<div class=\"elementor-widget-container\">\n\t\t\t\t\t\t\t<div class=\"elementor-icon-box-wrapper\">\n\n\t\t\t\t\t\t<div class=\"elementor-icon-box-icon\">\n\t\t\t\t<span  class=\"elementor-icon\">\n\t\t\t\t<svg aria-hidden=\"true\" class=\"e-font-icon-svg e-fas-child\" viewBox=\"0 0 384 512\" xmlns=\"http:\/\/www.w3.org\/2000\/svg\"><path d=\"M120 72c0-39.765 32.235-72 72-72s72 32.235 72 72c0 39.764-32.235 72-72 72s-72-32.236-72-72zm254.627 1.373c-12.496-12.497-32.758-12.497-45.254 0L242.745 160H141.254L54.627 73.373c-12.496-12.497-32.758-12.497-45.254 0-12.497 12.497-12.497 32.758 0 45.255L104 213.254V480c0 17.673 14.327 32 32 32h16c17.673 0 32-14.327 32-32V368h16v112c0 17.673 14.327 32 32 32h16c17.673 0 32-14.327 32-32V213.254l94.627-94.627c12.497-12.497 12.497-32.757 0-45.254z\"><\/path><\/svg>\t\t\t\t<\/span>\n\t\t\t<\/div>\n\t\t\t\n\t\t\t\t\t\t<div class=\"elementor-icon-box-content\">\n\n\t\t\t\t\t\t\t\t\t<h3 class=\"elementor-icon-box-title\">\n\t\t\t\t\t\t<span  >\n\t\t\t\t\t\t\tMAX 6\t\t\t\t\t\t<\/span>\n\t\t\t\t\t<\/h3>\n\t\t\t\t\n\t\t\t\t\n\t\t\t<\/div>\n\t\t\t\n\t\t<\/div>\n\t\t\t\t\t\t<\/div>\n\t\t\t\t<\/div>\n\t\t\t\t\t<\/div>\n\t\t\t\t<\/div>\n\t\t<div class=\"elementor-element elementor-element-01e9ce1 e-flex e-con-boxed e-con e-parent\" data-id=\"01e9ce1\" data-element_type=\"container\" data-e-type=\"container\">\n\t\t\t\t\t<div class=\"e-con-inner\">\n\t\t\t\t<div class=\"elementor-element elementor-element-cda8c41 elementor-widget elementor-widget-image-gallery\" data-id=\"cda8c41\" data-element_type=\"widget\" data-e-type=\"widget\" data-widget_type=\"image-gallery.default\">\n\t\t\t\t<div class=\"elementor-widget-container\">\n\t\t\t\t\t\t\t<div class=\"elementor-image-gallery\">\n\t\t\t<div id='gallery-1' class='gallery galleryid-403 gallery-columns-3 gallery-size-large'><figure class='gallery-item'>\n\t\t\t<div class='gallery-icon landscape'>\n\t\t\t\t<a data-elementor-open-lightbox=\"yes\" data-elementor-lightbox-slideshow=\"cda8c41\" data-elementor-lightbox-title=\"MG_3355-2\" data-e-action-hash=\"#elementor-action%3Aaction%3Dlightbox%26settings%3DeyJpZCI6MjQ1LCJ1cmwiOiJodHRwczpcL1wvbmF0dXJlbGl2ZS5iZVwvd3AtY29udGVudFwvdXBsb2Fkc1wvMjAyNFwvMTFcL01HXzMzNTUtMi5qcGciLCJzbGlkZXNob3ciOiJjZGE4YzQxIn0%3D\" href='https:\/\/naturelive.be\/wp-content\/uploads\/2024\/11\/MG_3355-2.jpg'><img fetchpriority=\"high\" decoding=\"async\" width=\"843\" height=\"562\" src=\"https:\/\/naturelive.be\/wp-content\/uploads\/2024\/11\/MG_3355-2.jpg\" class=\"attachment-large size-large\" alt=\"\" srcset=\"https:\/\/naturelive.be\/wp-content\/uploads\/2024\/11\/MG_3355-2.jpg 1000w, https:\/\/naturelive.be\/wp-content\/uploads\/2024\/11\/MG_3355-2-600x400.jpg 600w, https:\/\/naturelive.be\/wp-content\/uploads\/2024\/11\/MG_3355-2-300x200.jpg 300w, https:\/\/naturelive.be\/wp-content\/uploads\/2024\/11\/MG_3355-2-768x512.jpg 768w\" sizes=\"(max-width: 843px) 100vw, 843px\" \/><\/a>\n\t\t\t<\/div><\/figure><figure class='gallery-item'>\n\t\t\t<div class='gallery-icon landscape'>\n\t\t\t\t<a data-elementor-open-lightbox=\"yes\" data-elementor-lightbox-slideshow=\"cda8c41\" data-elementor-lightbox-title=\"MG_6209\" data-e-action-hash=\"#elementor-action%3Aaction%3Dlightbox%26settings%3DeyJpZCI6MjU0LCJ1cmwiOiJodHRwczpcL1wvbmF0dXJlbGl2ZS5iZVwvd3AtY29udGVudFwvdXBsb2Fkc1wvMjAyNFwvMTFcL01HXzYyMDkuanBnIiwic2xpZGVzaG93IjoiY2RhOGM0MSJ9\" href='https:\/\/naturelive.be\/wp-content\/uploads\/2024\/11\/MG_6209.jpg'><img decoding=\"async\" width=\"843\" height=\"562\" src=\"https:\/\/naturelive.be\/wp-content\/uploads\/2024\/11\/MG_6209.jpg\" class=\"attachment-large size-large\" alt=\"\" srcset=\"https:\/\/naturelive.be\/wp-content\/uploads\/2024\/11\/MG_6209.jpg 1000w, https:\/\/naturelive.be\/wp-content\/uploads\/2024\/11\/MG_6209-600x400.jpg 600w, https:\/\/naturelive.be\/wp-content\/uploads\/2024\/11\/MG_6209-300x200.jpg 300w, https:\/\/naturelive.be\/wp-content\/uploads\/2024\/11\/MG_6209-768x512.jpg 768w\" sizes=\"(max-width: 843px) 100vw, 843px\" \/><\/a>\n\t\t\t<\/div><\/figure><figure class='gallery-item'>\n\t\t\t<div class='gallery-icon landscape'>\n\t\t\t\t<a data-elementor-open-lightbox=\"yes\" data-elementor-lightbox-slideshow=\"cda8c41\" data-elementor-lightbox-title=\"MG_3463-2\" data-e-action-hash=\"#elementor-action%3Aaction%3Dlightbox%26settings%3DeyJpZCI6MjQ4LCJ1cmwiOiJodHRwczpcL1wvbmF0dXJlbGl2ZS5iZVwvd3AtY29udGVudFwvdXBsb2Fkc1wvMjAyNFwvMTFcL01HXzM0NjMtMi5qcGciLCJzbGlkZXNob3ciOiJjZGE4YzQxIn0%3D\" href='https:\/\/naturelive.be\/wp-content\/uploads\/2024\/11\/MG_3463-2.jpg'><img decoding=\"async\" width=\"843\" height=\"562\" src=\"https:\/\/naturelive.be\/wp-content\/uploads\/2024\/11\/MG_3463-2.jpg\" class=\"attachment-large size-large\" alt=\"\" srcset=\"https:\/\/naturelive.be\/wp-content\/uploads\/2024\/11\/MG_3463-2.jpg 1000w, https:\/\/naturelive.be\/wp-content\/uploads\/2024\/11\/MG_3463-2-600x400.jpg 600w, https:\/\/naturelive.be\/wp-content\/uploads\/2024\/11\/MG_3463-2-300x200.jpg 300w, https:\/\/naturelive.be\/wp-content\/uploads\/2024\/11\/MG_3463-2-768x512.jpg 768w\" sizes=\"(max-width: 843px) 100vw, 843px\" \/><\/a>\n\t\t\t<\/div><\/figure><figure class='gallery-item'>\n\t\t\t<div class='gallery-icon landscape'>\n\t\t\t\t<a data-elementor-open-lightbox=\"yes\" data-elementor-lightbox-slideshow=\"cda8c41\" data-elementor-lightbox-title=\"MG_6260-1\" data-e-action-hash=\"#elementor-action%3Aaction%3Dlightbox%26settings%3DeyJpZCI6MjU2LCJ1cmwiOiJodHRwczpcL1wvbmF0dXJlbGl2ZS5iZVwvd3AtY29udGVudFwvdXBsb2Fkc1wvMjAyNFwvMTFcL01HXzYyNjAtMS5qcGciLCJzbGlkZXNob3ciOiJjZGE4YzQxIn0%3D\" href='https:\/\/naturelive.be\/wp-content\/uploads\/2024\/11\/MG_6260-1.jpg'><img loading=\"lazy\" decoding=\"async\" width=\"843\" height=\"440\" src=\"https:\/\/naturelive.be\/wp-content\/uploads\/2024\/11\/MG_6260-1.jpg\" class=\"attachment-large size-large\" alt=\"\" srcset=\"https:\/\/naturelive.be\/wp-content\/uploads\/2024\/11\/MG_6260-1.jpg 1000w, https:\/\/naturelive.be\/wp-content\/uploads\/2024\/11\/MG_6260-1-600x313.jpg 600w, https:\/\/naturelive.be\/wp-content\/uploads\/2024\/11\/MG_6260-1-300x157.jpg 300w, https:\/\/naturelive.be\/wp-content\/uploads\/2024\/11\/MG_6260-1-768x401.jpg 768w\" sizes=\"(max-width: 843px) 100vw, 843px\" \/><\/a>\n\t\t\t<\/div><\/figure><figure class='gallery-item'>\n\t\t\t<div class='gallery-icon landscape'>\n\t\t\t\t<a data-elementor-open-lightbox=\"yes\" data-elementor-lightbox-slideshow=\"cda8c41\" data-elementor-lightbox-title=\"MG_3372-2\" data-e-action-hash=\"#elementor-action%3Aaction%3Dlightbox%26settings%3DeyJpZCI6MjQ3LCJ1cmwiOiJodHRwczpcL1wvbmF0dXJlbGl2ZS5iZVwvd3AtY29udGVudFwvdXBsb2Fkc1wvMjAyNFwvMTFcL01HXzMzNzItMi5qcGciLCJzbGlkZXNob3ciOiJjZGE4YzQxIn0%3D\" href='https:\/\/naturelive.be\/wp-content\/uploads\/2024\/11\/MG_3372-2.jpg'><img loading=\"lazy\" decoding=\"async\" width=\"843\" height=\"562\" src=\"https:\/\/naturelive.be\/wp-content\/uploads\/2024\/11\/MG_3372-2.jpg\" class=\"attachment-large size-large\" alt=\"\" srcset=\"https:\/\/naturelive.be\/wp-content\/uploads\/2024\/11\/MG_3372-2.jpg 1000w, https:\/\/naturelive.be\/wp-content\/uploads\/2024\/11\/MG_3372-2-600x400.jpg 600w, https:\/\/naturelive.be\/wp-content\/uploads\/2024\/11\/MG_3372-2-300x200.jpg 300w, https:\/\/naturelive.be\/wp-content\/uploads\/2024\/11\/MG_3372-2-768x512.jpg 768w\" sizes=\"(max-width: 843px) 100vw, 843px\" \/><\/a>\n\t\t\t<\/div><\/figure><figure class='gallery-item'>\n\t\t\t<div class='gallery-icon landscape'>\n\t\t\t\t<a data-elementor-open-lightbox=\"yes\" data-elementor-lightbox-slideshow=\"cda8c41\" data-elementor-lightbox-title=\"MG_5866\" data-e-action-hash=\"#elementor-action%3Aaction%3Dlightbox%26settings%3DeyJpZCI6MjUxLCJ1cmwiOiJodHRwczpcL1wvbmF0dXJlbGl2ZS5iZVwvd3AtY29udGVudFwvdXBsb2Fkc1wvMjAyNFwvMTFcL01HXzU4NjYuanBnIiwic2xpZGVzaG93IjoiY2RhOGM0MSJ9\" href='https:\/\/naturelive.be\/wp-content\/uploads\/2024\/11\/MG_5866.jpg'><img loading=\"lazy\" decoding=\"async\" width=\"843\" height=\"562\" src=\"https:\/\/naturelive.be\/wp-content\/uploads\/2024\/11\/MG_5866.jpg\" class=\"attachment-large size-large\" alt=\"\" srcset=\"https:\/\/naturelive.be\/wp-content\/uploads\/2024\/11\/MG_5866.jpg 1000w, https:\/\/naturelive.be\/wp-content\/uploads\/2024\/11\/MG_5866-600x400.jpg 600w, https:\/\/naturelive.be\/wp-content\/uploads\/2024\/11\/MG_5866-300x200.jpg 300w, https:\/\/naturelive.be\/wp-content\/uploads\/2024\/11\/MG_5866-768x512.jpg 768w\" sizes=\"(max-width: 843px) 100vw, 843px\" \/><\/a>\n\t\t\t<\/div><\/figure><figure class='gallery-item'>\n\t\t\t<div class='gallery-icon landscape'>\n\t\t\t\t<a data-elementor-open-lightbox=\"yes\" data-elementor-lightbox-slideshow=\"cda8c41\" data-elementor-lightbox-title=\"MG_6099\" data-e-action-hash=\"#elementor-action%3Aaction%3Dlightbox%26settings%3DeyJpZCI6MjUzLCJ1cmwiOiJodHRwczpcL1wvbmF0dXJlbGl2ZS5iZVwvd3AtY29udGVudFwvdXBsb2Fkc1wvMjAyNFwvMTFcL01HXzYwOTkuanBnIiwic2xpZGVzaG93IjoiY2RhOGM0MSJ9\" href='https:\/\/naturelive.be\/wp-content\/uploads\/2024\/11\/MG_6099.jpg'><img loading=\"lazy\" decoding=\"async\" width=\"843\" height=\"562\" src=\"https:\/\/naturelive.be\/wp-content\/uploads\/2024\/11\/MG_6099.jpg\" class=\"attachment-large size-large\" alt=\"\" srcset=\"https:\/\/naturelive.be\/wp-content\/uploads\/2024\/11\/MG_6099.jpg 1000w, https:\/\/naturelive.be\/wp-content\/uploads\/2024\/11\/MG_6099-600x400.jpg 600w, https:\/\/naturelive.be\/wp-content\/uploads\/2024\/11\/MG_6099-300x200.jpg 300w, https:\/\/naturelive.be\/wp-content\/uploads\/2024\/11\/MG_6099-768x512.jpg 768w\" sizes=\"(max-width: 843px) 100vw, 843px\" \/><\/a>\n\t\t\t<\/div><\/figure><figure class='gallery-item'>\n\t\t\t<div class='gallery-icon landscape'>\n\t\t\t\t<a data-elementor-open-lightbox=\"yes\" data-elementor-lightbox-slideshow=\"cda8c41\" data-elementor-lightbox-title=\"MG_6222\" data-e-action-hash=\"#elementor-action%3Aaction%3Dlightbox%26settings%3DeyJpZCI6MjU1LCJ1cmwiOiJodHRwczpcL1wvbmF0dXJlbGl2ZS5iZVwvd3AtY29udGVudFwvdXBsb2Fkc1wvMjAyNFwvMTFcL01HXzYyMjIuanBnIiwic2xpZGVzaG93IjoiY2RhOGM0MSJ9\" href='https:\/\/naturelive.be\/wp-content\/uploads\/2024\/11\/MG_6222.jpg'><img loading=\"lazy\" decoding=\"async\" width=\"843\" height=\"368\" src=\"https:\/\/naturelive.be\/wp-content\/uploads\/2024\/11\/MG_6222.jpg\" class=\"attachment-large size-large\" alt=\"\" srcset=\"https:\/\/naturelive.be\/wp-content\/uploads\/2024\/11\/MG_6222.jpg 1000w, https:\/\/naturelive.be\/wp-content\/uploads\/2024\/11\/MG_6222-600x262.jpg 600w, https:\/\/naturelive.be\/wp-content\/uploads\/2024\/11\/MG_6222-300x131.jpg 300w, https:\/\/naturelive.be\/wp-content\/uploads\/2024\/11\/MG_6222-768x336.jpg 768w\" sizes=\"(max-width: 843px) 100vw, 843px\" \/><\/a>\n\t\t\t<\/div><\/figure>\n\t\t<\/div>\n\t\t<\/div>\n\t\t\t\t\t\t<\/div>\n\t\t\t\t<\/div>\n\t\t\t\t\t<\/div>\n\t\t\t\t<\/div>\n\t\t<div class=\"elementor-element elementor-element-293551d e-flex e-con-boxed e-con e-parent\" data-id=\"293551d\" data-element_type=\"container\" data-e-type=\"container\">\n\t\t\t\t\t<div class=\"e-con-inner\">\n\t\t\t\t<div class=\"elementor-element elementor-element-22b1fca elementor-widget elementor-widget-text-editor\" data-id=\"22b1fca\" data-element_type=\"widget\" data-e-type=\"widget\" data-widget_type=\"text-editor.default\">\n\t\t\t\t<div class=\"elementor-widget-container\">\n\t\t\t\t\t\t\t\t\t<h4>PROGRAMME<\/h4><p><em><b>Jour 1\u00a0<\/b><\/em><\/p><p>Rendez-vous \u00e0 l\u2019a\u00e9roport de Charleroi \u00e0 13 h\u00a0<br \/>On prend l\u2019avion \u00e0 14h55, arriv\u00e9e \u00e0 Stockholm \u00e0 17h\u00a0.<br \/>On prend deux bus pour arriver jusqu\u2019au village de Torggatan.<br \/>On passe une premi\u00e8re nuit en bivouaque \u00e0 proximit\u00e9 du village de Torggatan<\/p><p><em><b>Jour 2<\/b><\/em><\/p><p><em>Le matin on prend le bus de\u00a0<\/em>Torggatan vers \u00a0Skinnskatteberg<\/p><p>\u00a06 kilom\u00e8tres de marche dans la for\u00eat nous attendent pour\u00a0 arriver au bord du lac o\u00f9 on installe le campement. \u00a0<\/p><p>Apr\u00e8s- midi on retourne faire les courses au village pour la semaine.<\/p><p><em><b>Jour 3\/4\/5<\/b><\/em><\/p><p>On vit au rythme de la nature\u00a0<\/p><p><em><b>Jour 6<\/b><\/em><\/p><p>Fin de l\u2019aventure en autonomie\u00a0<\/p><p>On prend le train de Skinnskatteberg jusqu\u2019\u00e0 Stockholm o\u00f9 on arrive dans apr\u00e8s- midi \u00e0 et va d\u00e9poser nos affaires \u00e0 l\u2019auberge, en fait un vieux bateau trois mats au plein centre de Stockholm. On dort dans un cabine du bateau.<\/p><p>On profite d\u2019une bonne soir\u00e9e \u00e0 Stockholm.<\/p><p><em><b>Jour 7<\/b><\/em><\/p><p>A 8 h on prend un bus jusqu\u2019\u00e0 l\u2019a\u00e9roport et on reprend l\u2019avion pour Charleroi .<\/p><p>Arriv\u00e9e \u00e0\u00a0 15 h \u00e0 Charleroi\u00a0.<\/p><p><em><strong>Inclus dans le prix:<\/strong><\/em><\/p><ul><li>tous les logements (h\u00f4tel \u2013 camping \u2026)<\/li><li>nourriture et boissons (sauf : alcool et resto \u00e0 Stockholm)<\/li><li>pr\u00eat du mat\u00e9riel pour le bivouac (tentes \u2013 sac de couchage \u2013 matelas)<\/li><li>les transports sur place<\/li><\/ul><p><em><strong>Non Inclus dans le prix:<\/strong><\/em><\/p><p>Les billets d\u2019avion ne sont pas compris dans le prix (Estimation 200\u20ac).<br \/>Je m\u2019occupe de r\u00e9server les billets d\u2019avion \u00e0 prix co\u00fbtant\u00a0 Plus t\u00f4t vous r\u00e9servez ce voyage, plus bas seront les prix du billet d\u2019avion chez\u00a0Ryan Air.<\/p>\t\t\t\t\t\t\t\t<\/div>\n\t\t\t\t<\/div>\n\t\t\t\t\t<\/div>\n\t\t\t\t<\/div>\n\t\t<div class=\"elementor-element elementor-element-ffcbd9c e-flex e-con-boxed e-con e-parent\" data-id=\"ffcbd9c\" data-element_type=\"container\" data-e-type=\"container\">\n\t\t\t\t\t<div class=\"e-con-inner\">\n\t\t\t\t<div class=\"elementor-element elementor-element-65d0f81 elementor-shape-rounded elementor-grid-0 e-grid-align-center elementor-widget elementor-widget-social-icons\" data-id=\"65d0f81\" data-element_type=\"widget\" data-e-type=\"widget\" data-widget_type=\"social-icons.default\">\n\t\t\t\t<div class=\"elementor-widget-container\">\n\t\t\t\t\t\t\t<div class=\"elementor-social-icons-wrapper elementor-grid\" role=\"list\">\n\t\t\t\t\t\t\t<span class=\"elementor-grid-item\" role=\"listitem\">\n\t\t\t\t\t<a class=\"elementor-icon elementor-social-icon elementor-social-icon-facebook elementor-repeater-item-5637ab9\" target=\"_blank\">\n\t\t\t\t\t\t<span class=\"elementor-screen-only\">Facebook<\/span>\n\t\t\t\t\t\t<svg aria-hidden=\"true\" class=\"e-font-icon-svg e-fab-facebook\" viewBox=\"0 0 512 512\" xmlns=\"http:\/\/www.w3.org\/2000\/svg\"><path d=\"M504 256C504 119 393 8 256 8S8 119 8 256c0 123.78 90.69 226.38 209.25 245V327.69h-63V256h63v-54.64c0-62.15 37-96.48 93.67-96.48 27.14 0 55.52 4.84 55.52 4.84v61h-31.28c-30.8 0-40.41 19.12-40.41 38.73V256h68.78l-11 71.69h-57.78V501C413.31 482.38 504 379.78 504 256z\"><\/path><\/svg>\t\t\t\t\t<\/a>\n\t\t\t\t<\/span>\n\t\t\t\t\t\t\t<span class=\"elementor-grid-item\" role=\"listitem\">\n\t\t\t\t\t<a class=\"elementor-icon elementor-social-icon elementor-social-icon-twitter elementor-repeater-item-62b72aa\" target=\"_blank\">\n\t\t\t\t\t\t<span class=\"elementor-screen-only\">Twitter<\/span>\n\t\t\t\t\t\t<svg aria-hidden=\"true\" class=\"e-font-icon-svg e-fab-twitter\" viewBox=\"0 0 512 512\" xmlns=\"http:\/\/www.w3.org\/2000\/svg\"><path d=\"M459.37 151.716c.325 4.548.325 9.097.325 13.645 0 138.72-105.583 298.558-298.558 298.558-59.452 0-114.68-17.219-161.137-47.106 8.447.974 16.568 1.299 25.34 1.299 49.055 0 94.213-16.568 130.274-44.832-46.132-.975-84.792-31.188-98.112-72.772 6.498.974 12.995 1.624 19.818 1.624 9.421 0 18.843-1.3 27.614-3.573-48.081-9.747-84.143-51.98-84.143-102.985v-1.299c13.969 7.797 30.214 12.67 47.431 13.319-28.264-18.843-46.781-51.005-46.781-87.391 0-19.492 5.197-37.36 14.294-52.954 51.655 63.675 129.3 105.258 216.365 109.807-1.624-7.797-2.599-15.918-2.599-24.04 0-57.828 46.782-104.934 104.934-104.934 30.213 0 57.502 12.67 76.67 33.137 23.715-4.548 46.456-13.32 66.599-25.34-7.798 24.366-24.366 44.833-46.132 57.827 21.117-2.273 41.584-8.122 60.426-16.243-14.292 20.791-32.161 39.308-52.628 54.253z\"><\/path><\/svg>\t\t\t\t\t<\/a>\n\t\t\t\t<\/span>\n\t\t\t\t\t<\/div>\n\t\t\t\t\t\t<\/div>\n\t\t\t\t<\/div>\n\t\t\t\t<div class=\"elementor-element elementor-element-ae37722 elementor-icon-list--layout-traditional elementor-list-item-link-full_width elementor-widget elementor-widget-icon-list\" data-id=\"ae37722\" data-element_type=\"widget\" data-e-type=\"widget\" data-widget_type=\"icon-list.default\">\n\t\t\t\t<div class=\"elementor-widget-container\">\n\t\t\t\t\t\t\t<ul class=\"elementor-icon-list-items\">\n\t\t\t\t\t\t\t<li class=\"elementor-icon-list-item\">\n\t\t\t\t\t\t\t\t\t\t\t<span class=\"elementor-icon-list-icon\">\n\t\t\t\t\t\t\t<svg aria-hidden=\"true\" class=\"e-font-icon-svg e-fas-envelope\" viewBox=\"0 0 512 512\" xmlns=\"http:\/\/www.w3.org\/2000\/svg\"><path d=\"M502.3 190.8c3.9-3.1 9.7-.2 9.7 4.7V400c0 26.5-21.5 48-48 48H48c-26.5 0-48-21.5-48-48V195.6c0-5 5.7-7.8 9.7-4.7 22.4 17.4 52.1 39.5 154.1 113.6 21.1 15.4 56.7 47.8 92.2 47.6 35.7.3 72-32.8 92.3-47.6 102-74.1 131.6-96.3 154-113.7zM256 320c23.2.4 56.6-29.2 73.4-41.4 132.7-96.3 142.8-104.7 173.4-128.7 5.8-4.5 9.2-11.5 9.2-18.9v-19c0-26.5-21.5-48-48-48H48C21.5 64 0 85.5 0 112v19c0 7.4 3.4 14.3 9.2 18.9 30.6 23.9 40.7 32.4 173.4 128.7 16.8 12.2 50.2 41.8 73.4 41.4z\"><\/path><\/svg>\t\t\t\t\t\t<\/span>\n\t\t\t\t\t\t\t\t\t\t<span class=\"elementor-icon-list-text\">info@naturelive.be<\/span>\n\t\t\t\t\t\t\t\t\t<\/li>\n\t\t\t\t\t\t\t\t<li class=\"elementor-icon-list-item\">\n\t\t\t\t\t\t\t\t\t\t\t<span class=\"elementor-icon-list-icon\">\n\t\t\t\t\t\t\t<svg aria-hidden=\"true\" class=\"e-font-icon-svg e-fas-phone-alt\" viewBox=\"0 0 512 512\" xmlns=\"http:\/\/www.w3.org\/2000\/svg\"><path d=\"M497.39 361.8l-112-48a24 24 0 0 0-28 6.9l-49.6 60.6A370.66 370.66 0 0 1 130.6 204.11l60.6-49.6a23.94 23.94 0 0 0 6.9-28l-48-112A24.16 24.16 0 0 0 122.6.61l-104 24A24 24 0 0 0 0 48c0 256.5 207.9 464 464 464a24 24 0 0 0 23.4-18.6l24-104a24.29 24.29 0 0 0-14.01-27.6z\"><\/path><\/svg>\t\t\t\t\t\t<\/span>\n\t\t\t\t\t\t\t\t\t\t<span class=\"elementor-icon-list-text\">+32 494\/82 36 52<\/span>\n\t\t\t\t\t\t\t\t\t<\/li>\n\t\t\t\t\t\t<\/ul>\n\t\t\t\t\t\t<\/div>\n\t\t\t\t<\/div>\n\t\t\t\t\t<\/div>\n\t\t\t\t<\/div>\n\t\t\t\t<\/div>\n\t\t","protected":false},"excerpt":{"rendered":"<p>Vivez une exp\u00e9rience nature hors du commun, une semaine en harmonie compl\u00e8te avec la nature.\u00a0On monte les tentes et on installe le campement au bord&hellip;<\/p>\n","protected":false},"author":1,"featured_media":255,"parent":0,"menu_order":0,"comment_status":"closed","ping_status":"closed","template":"","meta":{"footnotes":""},"class_list":["post-403","page","type-page","status-publish","has-post-thumbnail","hentry"],"_links":{"self":[{"href":"https:\/\/naturelive.be\/index.php\/wp-json\/wp\/v2\/pages\/403","targetHints":{"allow":["GET"]}}],"collection":[{"href":"https:\/\/naturelive.be\/index.php\/wp-json\/wp\/v2\/pages"}],"about":[{"href":"https:\/\/naturelive.be\/index.php\/wp-json\/wp\/v2\/types\/page"}],"author":[{"embeddable":true,"href":"https:\/\/naturelive.be\/index.php\/wp-json\/wp\/v2\/users\/1"}],"replies":[{"embeddable":true,"href":"https:\/\/naturelive.be\/index.php\/wp-json\/wp\/v2\/comments?post=403"}],"version-history":[{"count":5,"href":"https:\/\/naturelive.be\/index.php\/wp-json\/wp\/v2\/pages\/403\/revisions"}],"predecessor-version":[{"id":456,"href":"https:\/\/naturelive.be\/index.php\/wp-json\/wp\/v2\/pages\/403\/revisions\/456"}],"wp:featuredmedia":[{"embeddable":true,"href":"https:\/\/naturelive.be\/index.php\/wp-json\/wp\/v2\/media\/255"}],"wp:attachment":[{"href":"https:\/\/naturelive.be\/index.php\/wp-json\/wp\/v2\/media?parent=403"}],"curies":[{"name":"wp","href":"https:\/\/api.w.org\/{rel}","templated":true}]}}