{"id":399,"date":"2024-11-13T16:54:35","date_gmt":"2024-11-13T15:54:35","guid":{"rendered":"https:\/\/naturelive.fr\/?page_id=399"},"modified":"2025-11-10T17:31:22","modified_gmt":"2025-11-10T16:31:22","slug":"stage-photo-vosges","status":"publish","type":"page","link":"https:\/\/naturelive.be\/index.php\/stage-photo-vosges\/","title":{"rendered":"Stage Photo Vosges"},"content":{"rendered":"\t\t<div data-elementor-type=\"wp-page\" data-elementor-id=\"399\" class=\"elementor elementor-399\">\n\t\t\t\t<div class=\"elementor-element elementor-element-00de58c e-flex e-con-boxed e-con e-parent\" data-id=\"00de58c\" data-element_type=\"container\" data-e-type=\"container\">\n\t\t\t\t\t<div class=\"e-con-inner\">\n\t\t\t\t<div class=\"elementor-element elementor-element-c27156f elementor-widget elementor-widget-text-editor\" data-id=\"c27156f\" data-element_type=\"widget\" data-e-type=\"widget\" data-widget_type=\"text-editor.default\">\n\t\t\t\t<div class=\"elementor-widget-container\">\n\t\t\t\t\t\t\t\t\t<p style=\"text-align: center;\">Je vous emm\u00e8ne dans le Massif des Vosges.<\/p><p style=\"text-align: center;\">Nous partirons photographier\u00a0 le lever de soleil au sommet de sa montagne, d\u00e9couvrir ses for\u00eats et ses lacs. Nous aurons l\u2019occasion d\u2019observer les chamois.<\/p><p style=\"text-align: center;\">4 jours de stage photo animalier, paysage, proxi\/macro \u2026<\/p><p style=\"text-align: center;\">Formation sur la manipulation du mat\u00e9riel photo ,\u00a0 s\u00e9ance d\u2019analyse d\u2019images.<\/p>\t\t\t\t\t\t\t\t<\/div>\n\t\t\t\t<\/div>\n\t\t\t\t\t<\/div>\n\t\t\t\t<\/div>\n\t\t<div class=\"elementor-element elementor-element-50cb4b2 e-grid e-con-boxed e-con e-parent\" data-id=\"50cb4b2\" data-element_type=\"container\" data-e-type=\"container\">\n\t\t\t\t\t<div class=\"e-con-inner\">\n\t\t\t\t<div class=\"elementor-element elementor-element-680b3a1 elementor-view-default elementor-position-block-start elementor-mobile-position-block-start elementor-widget elementor-widget-icon-box\" data-id=\"680b3a1\" data-element_type=\"widget\" data-e-type=\"widget\" data-widget_type=\"icon-box.default\">\n\t\t\t\t<div class=\"elementor-widget-container\">\n\t\t\t\t\t\t\t<div class=\"elementor-icon-box-wrapper\">\n\n\t\t\t\t\t\t<div class=\"elementor-icon-box-icon\">\n\t\t\t\t<span  class=\"elementor-icon\">\n\t\t\t\t<svg aria-hidden=\"true\" class=\"e-font-icon-svg e-fas-calendar-day\" viewBox=\"0 0 448 512\" xmlns=\"http:\/\/www.w3.org\/2000\/svg\"><path d=\"M0 464c0 26.5 21.5 48 48 48h352c26.5 0 48-21.5 48-48V192H0v272zm64-192c0-8.8 7.2-16 16-16h96c8.8 0 16 7.2 16 16v96c0 8.8-7.2 16-16 16H80c-8.8 0-16-7.2-16-16v-96zM400 64h-48V16c0-8.8-7.2-16-16-16h-32c-8.8 0-16 7.2-16 16v48H160V16c0-8.8-7.2-16-16-16h-32c-8.8 0-16 7.2-16 16v48H48C21.5 64 0 85.5 0 112v48h448v-48c0-26.5-21.5-48-48-48z\"><\/path><\/svg>\t\t\t\t<\/span>\n\t\t\t<\/div>\n\t\t\t\n\t\t\t\t\t\t<div class=\"elementor-icon-box-content\">\n\n\t\t\t\t\t\t\t\t\t<h3 class=\"elementor-icon-box-title\">\n\t\t\t\t\t\t<span  >\n\t\t\t\t\t\t\t3 JOURS <br>DU 14\/05\/2026 AU 17\/05\/2026\t\t\t\t\t\t<\/span>\n\t\t\t\t\t<\/h3>\n\t\t\t\t\n\t\t\t\t\n\t\t\t<\/div>\n\t\t\t\n\t\t<\/div>\n\t\t\t\t\t\t<\/div>\n\t\t\t\t<\/div>\n\t\t\t\t<div class=\"elementor-element elementor-element-160bfb6 elementor-view-default elementor-position-block-start elementor-mobile-position-block-start elementor-widget elementor-widget-icon-box\" data-id=\"160bfb6\" data-element_type=\"widget\" data-e-type=\"widget\" data-widget_type=\"icon-box.default\">\n\t\t\t\t<div class=\"elementor-widget-container\">\n\t\t\t\t\t\t\t<div class=\"elementor-icon-box-wrapper\">\n\n\t\t\t\t\t\t<div class=\"elementor-icon-box-icon\">\n\t\t\t\t<span  class=\"elementor-icon\">\n\t\t\t\t<svg aria-hidden=\"true\" class=\"e-font-icon-svg e-fas-euro-sign\" viewBox=\"0 0 320 512\" xmlns=\"http:\/\/www.w3.org\/2000\/svg\"><path d=\"M310.706 413.765c-1.314-6.63-7.835-10.872-14.424-9.369-10.692 2.439-27.422 5.413-45.426 5.413-56.763 0-101.929-34.79-121.461-85.449h113.689a12 12 0 0 0 11.708-9.369l6.373-28.36c1.686-7.502-4.019-14.631-11.708-14.631H115.22c-1.21-14.328-1.414-28.287.137-42.245H261.95a12 12 0 0 0 11.723-9.434l6.512-29.755c1.638-7.484-4.061-14.566-11.723-14.566H130.184c20.633-44.991 62.69-75.03 117.619-75.03 14.486 0 28.564 2.25 37.851 4.145 6.216 1.268 12.347-2.498 14.002-8.623l11.991-44.368c1.822-6.741-2.465-13.616-9.326-14.917C290.217 34.912 270.71 32 249.635 32 152.451 32 74.03 92.252 45.075 176H12c-6.627 0-12 5.373-12 12v29.755c0 6.627 5.373 12 12 12h21.569c-1.009 13.607-1.181 29.287-.181 42.245H12c-6.627 0-12 5.373-12 12v28.36c0 6.627 5.373 12 12 12h30.114C67.139 414.692 145.264 480 249.635 480c26.301 0 48.562-4.544 61.101-7.788 6.167-1.595 10.027-7.708 8.788-13.957l-8.818-44.49z\"><\/path><\/svg>\t\t\t\t<\/span>\n\t\t\t<\/div>\n\t\t\t\n\t\t\t\t\t\t<div class=\"elementor-icon-box-content\">\n\n\t\t\t\t\t\t\t\t\t<h3 class=\"elementor-icon-box-title\">\n\t\t\t\t\t\t<span  >\n\t\t\t\t\t\t\t500 TC\t\t\t\t\t\t<\/span>\n\t\t\t\t\t<\/h3>\n\t\t\t\t\n\t\t\t\t\n\t\t\t<\/div>\n\t\t\t\n\t\t<\/div>\n\t\t\t\t\t\t<\/div>\n\t\t\t\t<\/div>\n\t\t\t\t<div class=\"elementor-element elementor-element-a4f37e2 elementor-view-default elementor-position-block-start elementor-mobile-position-block-start elementor-widget elementor-widget-icon-box\" data-id=\"a4f37e2\" data-element_type=\"widget\" data-e-type=\"widget\" data-widget_type=\"icon-box.default\">\n\t\t\t\t<div class=\"elementor-widget-container\">\n\t\t\t\t\t\t\t<div class=\"elementor-icon-box-wrapper\">\n\n\t\t\t\t\t\t<div class=\"elementor-icon-box-icon\">\n\t\t\t\t<span  class=\"elementor-icon\">\n\t\t\t\t<svg aria-hidden=\"true\" class=\"e-font-icon-svg e-fas-child\" viewBox=\"0 0 384 512\" xmlns=\"http:\/\/www.w3.org\/2000\/svg\"><path d=\"M120 72c0-39.765 32.235-72 72-72s72 32.235 72 72c0 39.764-32.235 72-72 72s-72-32.236-72-72zm254.627 1.373c-12.496-12.497-32.758-12.497-45.254 0L242.745 160H141.254L54.627 73.373c-12.496-12.497-32.758-12.497-45.254 0-12.497 12.497-12.497 32.758 0 45.255L104 213.254V480c0 17.673 14.327 32 32 32h16c17.673 0 32-14.327 32-32V368h16v112c0 17.673 14.327 32 32 32h16c17.673 0 32-14.327 32-32V213.254l94.627-94.627c12.497-12.497 12.497-32.757 0-45.254z\"><\/path><\/svg>\t\t\t\t<\/span>\n\t\t\t<\/div>\n\t\t\t\n\t\t\t\t\t\t<div class=\"elementor-icon-box-content\">\n\n\t\t\t\t\t\t\t\t\t<h3 class=\"elementor-icon-box-title\">\n\t\t\t\t\t\t<span  >\n\t\t\t\t\t\t\tMAX 7\t\t\t\t\t\t<\/span>\n\t\t\t\t\t<\/h3>\n\t\t\t\t\n\t\t\t\t\n\t\t\t<\/div>\n\t\t\t\n\t\t<\/div>\n\t\t\t\t\t\t<\/div>\n\t\t\t\t<\/div>\n\t\t\t\t\t<\/div>\n\t\t\t\t<\/div>\n\t\t<div class=\"elementor-element elementor-element-01e9ce1 e-flex e-con-boxed e-con e-parent\" data-id=\"01e9ce1\" data-element_type=\"container\" data-e-type=\"container\">\n\t\t\t\t\t<div class=\"e-con-inner\">\n\t\t\t\t<div class=\"elementor-element elementor-element-cda8c41 elementor-widget elementor-widget-image-gallery\" data-id=\"cda8c41\" data-element_type=\"widget\" data-e-type=\"widget\" data-widget_type=\"image-gallery.default\">\n\t\t\t\t<div class=\"elementor-widget-container\">\n\t\t\t\t\t\t\t<div class=\"elementor-image-gallery\">\n\t\t\t<div id='gallery-1' class='gallery galleryid-399 gallery-columns-3 gallery-size-large'><figure class='gallery-item'>\n\t\t\t<div class='gallery-icon landscape'>\n\t\t\t\t<a data-elementor-open-lightbox=\"yes\" data-elementor-lightbox-slideshow=\"cda8c41\" data-elementor-lightbox-title=\"MG_0061\" data-e-action-hash=\"#elementor-action%3Aaction%3Dlightbox%26settings%3DeyJpZCI6MjI2LCJ1cmwiOiJodHRwczpcL1wvbmF0dXJlbGl2ZS5iZVwvd3AtY29udGVudFwvdXBsb2Fkc1wvMjAyNFwvMTFcL01HXzAwNjEuanBnIiwic2xpZGVzaG93IjoiY2RhOGM0MSJ9\" href='https:\/\/naturelive.be\/wp-content\/uploads\/2024\/11\/MG_0061.jpg'><img fetchpriority=\"high\" decoding=\"async\" width=\"843\" height=\"449\" src=\"https:\/\/naturelive.be\/wp-content\/uploads\/2024\/11\/MG_0061-1024x546.jpg\" class=\"attachment-large size-large\" alt=\"\" srcset=\"https:\/\/naturelive.be\/wp-content\/uploads\/2024\/11\/MG_0061-1024x546.jpg 1024w, https:\/\/naturelive.be\/wp-content\/uploads\/2024\/11\/MG_0061-600x320.jpg 600w, https:\/\/naturelive.be\/wp-content\/uploads\/2024\/11\/MG_0061-300x160.jpg 300w, https:\/\/naturelive.be\/wp-content\/uploads\/2024\/11\/MG_0061-768x409.jpg 768w, https:\/\/naturelive.be\/wp-content\/uploads\/2024\/11\/MG_0061-1536x819.jpg 1536w, https:\/\/naturelive.be\/wp-content\/uploads\/2024\/11\/MG_0061.jpg 2000w\" sizes=\"(max-width: 843px) 100vw, 843px\" \/><\/a>\n\t\t\t<\/div><\/figure><figure class='gallery-item'>\n\t\t\t<div class='gallery-icon landscape'>\n\t\t\t\t<a data-elementor-open-lightbox=\"yes\" data-elementor-lightbox-slideshow=\"cda8c41\" data-elementor-lightbox-title=\"MG_9720\" data-e-action-hash=\"#elementor-action%3Aaction%3Dlightbox%26settings%3DeyJpZCI6MjY2LCJ1cmwiOiJodHRwczpcL1wvbmF0dXJlbGl2ZS5iZVwvd3AtY29udGVudFwvdXBsb2Fkc1wvMjAyNFwvMTFcL01HXzk3MjAuanBnIiwic2xpZGVzaG93IjoiY2RhOGM0MSJ9\" href='https:\/\/naturelive.be\/wp-content\/uploads\/2024\/11\/MG_9720.jpg'><img decoding=\"async\" width=\"843\" height=\"561\" src=\"https:\/\/naturelive.be\/wp-content\/uploads\/2024\/11\/MG_9720-1024x682.jpg\" class=\"attachment-large size-large\" alt=\"\" srcset=\"https:\/\/naturelive.be\/wp-content\/uploads\/2024\/11\/MG_9720-1024x682.jpg 1024w, https:\/\/naturelive.be\/wp-content\/uploads\/2024\/11\/MG_9720-600x400.jpg 600w, https:\/\/naturelive.be\/wp-content\/uploads\/2024\/11\/MG_9720-300x200.jpg 300w, https:\/\/naturelive.be\/wp-content\/uploads\/2024\/11\/MG_9720-768x512.jpg 768w, https:\/\/naturelive.be\/wp-content\/uploads\/2024\/11\/MG_9720-1536x1024.jpg 1536w, https:\/\/naturelive.be\/wp-content\/uploads\/2024\/11\/MG_9720.jpg 2000w\" sizes=\"(max-width: 843px) 100vw, 843px\" \/><\/a>\n\t\t\t<\/div><\/figure><figure class='gallery-item'>\n\t\t\t<div class='gallery-icon landscape'>\n\t\t\t\t<a data-elementor-open-lightbox=\"yes\" data-elementor-lightbox-slideshow=\"cda8c41\" data-elementor-lightbox-title=\"MG_0024-1\" data-e-action-hash=\"#elementor-action%3Aaction%3Dlightbox%26settings%3DeyJpZCI6MjI0LCJ1cmwiOiJodHRwczpcL1wvbmF0dXJlbGl2ZS5iZVwvd3AtY29udGVudFwvdXBsb2Fkc1wvMjAyNFwvMTFcL01HXzAwMjQtMS5qcGciLCJzbGlkZXNob3ciOiJjZGE4YzQxIn0%3D\" href='https:\/\/naturelive.be\/wp-content\/uploads\/2024\/11\/MG_0024-1.jpg'><img decoding=\"async\" width=\"843\" height=\"552\" src=\"https:\/\/naturelive.be\/wp-content\/uploads\/2024\/11\/MG_0024-1.jpg\" class=\"attachment-large size-large\" alt=\"\" srcset=\"https:\/\/naturelive.be\/wp-content\/uploads\/2024\/11\/MG_0024-1.jpg 1024w, https:\/\/naturelive.be\/wp-content\/uploads\/2024\/11\/MG_0024-1-600x393.jpg 600w, https:\/\/naturelive.be\/wp-content\/uploads\/2024\/11\/MG_0024-1-300x196.jpg 300w, https:\/\/naturelive.be\/wp-content\/uploads\/2024\/11\/MG_0024-1-768x503.jpg 768w\" sizes=\"(max-width: 843px) 100vw, 843px\" \/><\/a>\n\t\t\t<\/div><\/figure><figure class='gallery-item'>\n\t\t\t<div class='gallery-icon landscape'>\n\t\t\t\t<a data-elementor-open-lightbox=\"yes\" data-elementor-lightbox-slideshow=\"cda8c41\" data-elementor-lightbox-title=\"MG_9914\" data-e-action-hash=\"#elementor-action%3Aaction%3Dlightbox%26settings%3DeyJpZCI6MjY4LCJ1cmwiOiJodHRwczpcL1wvbmF0dXJlbGl2ZS5iZVwvd3AtY29udGVudFwvdXBsb2Fkc1wvMjAyNFwvMTFcL01HXzk5MTQuanBnIiwic2xpZGVzaG93IjoiY2RhOGM0MSJ9\" href='https:\/\/naturelive.be\/wp-content\/uploads\/2024\/11\/MG_9914.jpg'><img loading=\"lazy\" decoding=\"async\" width=\"843\" height=\"496\" src=\"https:\/\/naturelive.be\/wp-content\/uploads\/2024\/11\/MG_9914.jpg\" class=\"attachment-large size-large\" alt=\"\" srcset=\"https:\/\/naturelive.be\/wp-content\/uploads\/2024\/11\/MG_9914.jpg 1024w, https:\/\/naturelive.be\/wp-content\/uploads\/2024\/11\/MG_9914-600x353.jpg 600w, https:\/\/naturelive.be\/wp-content\/uploads\/2024\/11\/MG_9914-300x176.jpg 300w, https:\/\/naturelive.be\/wp-content\/uploads\/2024\/11\/MG_9914-768x452.jpg 768w\" sizes=\"(max-width: 843px) 100vw, 843px\" \/><\/a>\n\t\t\t<\/div><\/figure><figure class='gallery-item'>\n\t\t\t<div class='gallery-icon landscape'>\n\t\t\t\t<a data-elementor-open-lightbox=\"yes\" data-elementor-lightbox-slideshow=\"cda8c41\" data-elementor-lightbox-title=\"MG_0113\" data-e-action-hash=\"#elementor-action%3Aaction%3Dlightbox%26settings%3DeyJpZCI6MjI3LCJ1cmwiOiJodHRwczpcL1wvbmF0dXJlbGl2ZS5iZVwvd3AtY29udGVudFwvdXBsb2Fkc1wvMjAyNFwvMTFcL01HXzAxMTMuanBnIiwic2xpZGVzaG93IjoiY2RhOGM0MSJ9\" href='https:\/\/naturelive.be\/wp-content\/uploads\/2024\/11\/MG_0113.jpg'><img loading=\"lazy\" decoding=\"async\" width=\"843\" height=\"585\" src=\"https:\/\/naturelive.be\/wp-content\/uploads\/2024\/11\/MG_0113-1024x710.jpg\" class=\"attachment-large size-large\" alt=\"\" srcset=\"https:\/\/naturelive.be\/wp-content\/uploads\/2024\/11\/MG_0113-1024x710.jpg 1024w, https:\/\/naturelive.be\/wp-content\/uploads\/2024\/11\/MG_0113-600x416.jpg 600w, https:\/\/naturelive.be\/wp-content\/uploads\/2024\/11\/MG_0113-300x208.jpg 300w, https:\/\/naturelive.be\/wp-content\/uploads\/2024\/11\/MG_0113-768x532.jpg 768w, https:\/\/naturelive.be\/wp-content\/uploads\/2024\/11\/MG_0113-1536x1064.jpg 1536w, https:\/\/naturelive.be\/wp-content\/uploads\/2024\/11\/MG_0113.jpg 2000w\" sizes=\"(max-width: 843px) 100vw, 843px\" \/><\/a>\n\t\t\t<\/div><\/figure>\n\t\t<\/div>\n\t\t<\/div>\n\t\t\t\t\t\t<\/div>\n\t\t\t\t<\/div>\n\t\t\t\t\t<\/div>\n\t\t\t\t<\/div>\n\t\t<div class=\"elementor-element elementor-element-293551d e-flex e-con-boxed e-con e-parent\" data-id=\"293551d\" data-element_type=\"container\" data-e-type=\"container\">\n\t\t\t\t\t<div class=\"e-con-inner\">\n\t\t\t\t<div class=\"elementor-element elementor-element-22b1fca elementor-widget elementor-widget-text-editor\" data-id=\"22b1fca\" data-element_type=\"widget\" data-e-type=\"widget\" data-widget_type=\"text-editor.default\">\n\t\t\t\t<div class=\"elementor-widget-container\">\n\t\t\t\t\t\t\t\t\t<p><strong>LOGEMENT<\/strong><\/p><p>On sera en demi-pension \u00e0 l\u2019Auberge du pied du Hohneck.<\/p><p><strong>PROGRAMME<\/strong><\/p><p><em><strong>Jour 1<\/strong><\/em><br \/>On se retrouve \u00e0 l\u2019auberge jeudi soir entre 19h et 20h. Vous venez par vos propres moyens.\u00a0<br \/>Vous vous installez dans vos chambres.\u00a0<br \/>On prend le repas du soir ensemble et je vous explique le d\u00e9roulement des 4 jours.<\/p><p><em><strong>Jour 2<\/strong><\/em><\/p><p>\u2013 5h30 : On part de l\u2019auberge et on monte au sommet du\u00a0 Hohneck pour photographier les chamois au lever du jour.\u00a0<\/p><p>\u2013 10h30 : Retour \u00e0 l\u2019auberge pour le petit-d\u00e9jeuner et se r\u00e9chauffer un peu.<\/p><p>\u2013 11h30 : Nous partons faire une promenade autour du\u00a0Lac de Lispach (paysage, proxy, macro, il y a des droseras)<\/p><p>\u2013 17h00 : Retour \u00e0 l\u2019auberge ,\u00a0 d\u00e9veloppement des images\u00a0 prises la journ\u00e9e, et analyse d\u2019images.<\/p><p><em><strong>Jour 3<\/strong><\/em><\/p><p>\u2013 5h30 : on part de l\u2019auberge et on monte au sommet du\u00a0 \u00a0Hohneck pour photographier les chamois au lever du jour.\u00a0<\/p><p>\u2013 9h : Nous prenons le petit-d\u00e9jeuner \u00e0 l\u2019auberge au pied du Hohneck.<\/p><p>\u2013 10h : Nous partons promener\u00a0 sur les sommets du Hohneck et photographier ses zones herb\u00e9es.<\/p><p>-13h00 : Retour \u00e0 l\u2019auberge pour d\u00eener et petite sieste pour ceux qui veulent.<\/p><p>-17h : Ap\u00e9ro pique-nique au sommet du Hohneck. Nous mangerons t\u00f4t pour \u00eatre pr\u00eat pour l\u2019aff\u00fbt du soir.<\/p><p>-18h : Nous partirons pratiquer un aff\u00fbt pour esp\u00e9rer observer chevreuils et cervid\u00e9s \u00e0 la Goutte de Marchais.<\/p><p><em><strong>Jour 4<\/strong><\/em><\/p><p>\u2013 9h : petit d\u00e9jeuner (je vous laisse dormir un peu).<\/p><p>-10h : Nous partirons nous promener au bord de l\u2019eau au\u00a0Saut des Cuves.<\/p><p>-15 h : Fin de l\u2019aventure\u00a0<\/p><p><em>Inclus dans le prix:<\/em><\/p><p>\u2013 tous les logements<\/p><p>\u2013 nourriture et boissons(sauf alcool)<\/p>\t\t\t\t\t\t\t\t<\/div>\n\t\t\t\t<\/div>\n\t\t\t\t\t<\/div>\n\t\t\t\t<\/div>\n\t\t<div class=\"elementor-element elementor-element-ffcbd9c e-flex e-con-boxed e-con e-parent\" data-id=\"ffcbd9c\" data-element_type=\"container\" data-e-type=\"container\">\n\t\t\t\t\t<div class=\"e-con-inner\">\n\t\t\t\t<div class=\"elementor-element elementor-element-65d0f81 elementor-shape-rounded elementor-grid-0 e-grid-align-center elementor-widget elementor-widget-social-icons\" data-id=\"65d0f81\" data-element_type=\"widget\" data-e-type=\"widget\" data-widget_type=\"social-icons.default\">\n\t\t\t\t<div class=\"elementor-widget-container\">\n\t\t\t\t\t\t\t<div class=\"elementor-social-icons-wrapper elementor-grid\" role=\"list\">\n\t\t\t\t\t\t\t<span class=\"elementor-grid-item\" role=\"listitem\">\n\t\t\t\t\t<a class=\"elementor-icon elementor-social-icon elementor-social-icon-facebook elementor-repeater-item-5637ab9\" target=\"_blank\">\n\t\t\t\t\t\t<span class=\"elementor-screen-only\">Facebook<\/span>\n\t\t\t\t\t\t<svg aria-hidden=\"true\" class=\"e-font-icon-svg e-fab-facebook\" viewBox=\"0 0 512 512\" xmlns=\"http:\/\/www.w3.org\/2000\/svg\"><path d=\"M504 256C504 119 393 8 256 8S8 119 8 256c0 123.78 90.69 226.38 209.25 245V327.69h-63V256h63v-54.64c0-62.15 37-96.48 93.67-96.48 27.14 0 55.52 4.84 55.52 4.84v61h-31.28c-30.8 0-40.41 19.12-40.41 38.73V256h68.78l-11 71.69h-57.78V501C413.31 482.38 504 379.78 504 256z\"><\/path><\/svg>\t\t\t\t\t<\/a>\n\t\t\t\t<\/span>\n\t\t\t\t\t\t\t<span class=\"elementor-grid-item\" role=\"listitem\">\n\t\t\t\t\t<a class=\"elementor-icon elementor-social-icon elementor-social-icon-twitter elementor-repeater-item-62b72aa\" target=\"_blank\">\n\t\t\t\t\t\t<span class=\"elementor-screen-only\">Twitter<\/span>\n\t\t\t\t\t\t<svg aria-hidden=\"true\" class=\"e-font-icon-svg e-fab-twitter\" viewBox=\"0 0 512 512\" xmlns=\"http:\/\/www.w3.org\/2000\/svg\"><path d=\"M459.37 151.716c.325 4.548.325 9.097.325 13.645 0 138.72-105.583 298.558-298.558 298.558-59.452 0-114.68-17.219-161.137-47.106 8.447.974 16.568 1.299 25.34 1.299 49.055 0 94.213-16.568 130.274-44.832-46.132-.975-84.792-31.188-98.112-72.772 6.498.974 12.995 1.624 19.818 1.624 9.421 0 18.843-1.3 27.614-3.573-48.081-9.747-84.143-51.98-84.143-102.985v-1.299c13.969 7.797 30.214 12.67 47.431 13.319-28.264-18.843-46.781-51.005-46.781-87.391 0-19.492 5.197-37.36 14.294-52.954 51.655 63.675 129.3 105.258 216.365 109.807-1.624-7.797-2.599-15.918-2.599-24.04 0-57.828 46.782-104.934 104.934-104.934 30.213 0 57.502 12.67 76.67 33.137 23.715-4.548 46.456-13.32 66.599-25.34-7.798 24.366-24.366 44.833-46.132 57.827 21.117-2.273 41.584-8.122 60.426-16.243-14.292 20.791-32.161 39.308-52.628 54.253z\"><\/path><\/svg>\t\t\t\t\t<\/a>\n\t\t\t\t<\/span>\n\t\t\t\t\t<\/div>\n\t\t\t\t\t\t<\/div>\n\t\t\t\t<\/div>\n\t\t\t\t<div class=\"elementor-element elementor-element-ae37722 elementor-icon-list--layout-traditional elementor-list-item-link-full_width elementor-widget elementor-widget-icon-list\" data-id=\"ae37722\" data-element_type=\"widget\" data-e-type=\"widget\" data-widget_type=\"icon-list.default\">\n\t\t\t\t<div class=\"elementor-widget-container\">\n\t\t\t\t\t\t\t<ul class=\"elementor-icon-list-items\">\n\t\t\t\t\t\t\t<li class=\"elementor-icon-list-item\">\n\t\t\t\t\t\t\t\t\t\t\t<span class=\"elementor-icon-list-icon\">\n\t\t\t\t\t\t\t<svg aria-hidden=\"true\" class=\"e-font-icon-svg e-fas-envelope\" viewBox=\"0 0 512 512\" xmlns=\"http:\/\/www.w3.org\/2000\/svg\"><path d=\"M502.3 190.8c3.9-3.1 9.7-.2 9.7 4.7V400c0 26.5-21.5 48-48 48H48c-26.5 0-48-21.5-48-48V195.6c0-5 5.7-7.8 9.7-4.7 22.4 17.4 52.1 39.5 154.1 113.6 21.1 15.4 56.7 47.8 92.2 47.6 35.7.3 72-32.8 92.3-47.6 102-74.1 131.6-96.3 154-113.7zM256 320c23.2.4 56.6-29.2 73.4-41.4 132.7-96.3 142.8-104.7 173.4-128.7 5.8-4.5 9.2-11.5 9.2-18.9v-19c0-26.5-21.5-48-48-48H48C21.5 64 0 85.5 0 112v19c0 7.4 3.4 14.3 9.2 18.9 30.6 23.9 40.7 32.4 173.4 128.7 16.8 12.2 50.2 41.8 73.4 41.4z\"><\/path><\/svg>\t\t\t\t\t\t<\/span>\n\t\t\t\t\t\t\t\t\t\t<span class=\"elementor-icon-list-text\">info@naturelive.be<\/span>\n\t\t\t\t\t\t\t\t\t<\/li>\n\t\t\t\t\t\t\t\t<li class=\"elementor-icon-list-item\">\n\t\t\t\t\t\t\t\t\t\t\t<span class=\"elementor-icon-list-icon\">\n\t\t\t\t\t\t\t<svg aria-hidden=\"true\" class=\"e-font-icon-svg e-fas-phone-alt\" viewBox=\"0 0 512 512\" xmlns=\"http:\/\/www.w3.org\/2000\/svg\"><path d=\"M497.39 361.8l-112-48a24 24 0 0 0-28 6.9l-49.6 60.6A370.66 370.66 0 0 1 130.6 204.11l60.6-49.6a23.94 23.94 0 0 0 6.9-28l-48-112A24.16 24.16 0 0 0 122.6.61l-104 24A24 24 0 0 0 0 48c0 256.5 207.9 464 464 464a24 24 0 0 0 23.4-18.6l24-104a24.29 24.29 0 0 0-14.01-27.6z\"><\/path><\/svg>\t\t\t\t\t\t<\/span>\n\t\t\t\t\t\t\t\t\t\t<span class=\"elementor-icon-list-text\">+32 494\/82 36 52<\/span>\n\t\t\t\t\t\t\t\t\t<\/li>\n\t\t\t\t\t\t<\/ul>\n\t\t\t\t\t\t<\/div>\n\t\t\t\t<\/div>\n\t\t\t\t\t<\/div>\n\t\t\t\t<\/div>\n\t\t\t\t<\/div>\n\t\t","protected":false},"excerpt":{"rendered":"<p>Je vous emm\u00e8ne dans le Massif des Vosges. Nous partirons photographier\u00a0 le lever de soleil au sommet de sa montagne, d\u00e9couvrir ses for\u00eats et ses&hellip;<\/p>\n","protected":false},"author":1,"featured_media":268,"parent":0,"menu_order":0,"comment_status":"closed","ping_status":"closed","template":"","meta":{"footnotes":""},"class_list":["post-399","page","type-page","status-publish","has-post-thumbnail","hentry"],"_links":{"self":[{"href":"https:\/\/naturelive.be\/index.php\/wp-json\/wp\/v2\/pages\/399","targetHints":{"allow":["GET"]}}],"collection":[{"href":"https:\/\/naturelive.be\/index.php\/wp-json\/wp\/v2\/pages"}],"about":[{"href":"https:\/\/naturelive.be\/index.php\/wp-json\/wp\/v2\/types\/page"}],"author":[{"embeddable":true,"href":"https:\/\/naturelive.be\/index.php\/wp-json\/wp\/v2\/users\/1"}],"replies":[{"embeddable":true,"href":"https:\/\/naturelive.be\/index.php\/wp-json\/wp\/v2\/comments?post=399"}],"version-history":[{"count":10,"href":"https:\/\/naturelive.be\/index.php\/wp-json\/wp\/v2\/pages\/399\/revisions"}],"predecessor-version":[{"id":593,"href":"https:\/\/naturelive.be\/index.php\/wp-json\/wp\/v2\/pages\/399\/revisions\/593"}],"wp:featuredmedia":[{"embeddable":true,"href":"https:\/\/naturelive.be\/index.php\/wp-json\/wp\/v2\/media\/268"}],"wp:attachment":[{"href":"https:\/\/naturelive.be\/index.php\/wp-json\/wp\/v2\/media?parent=399"}],"curies":[{"name":"wp","href":"https:\/\/api.w.org\/{rel}","templated":true}]}}