{"id":397,"date":"2024-11-13T16:53:31","date_gmt":"2024-11-13T15:53:31","guid":{"rendered":"https:\/\/naturelive.fr\/?page_id=397"},"modified":"2025-09-17T09:17:03","modified_gmt":"2025-09-17T07:17:03","slug":"stage-photo-zelande","status":"publish","type":"page","link":"https:\/\/naturelive.be\/index.php\/stage-photo-zelande\/","title":{"rendered":"Stage photo Z\u00e9lande"},"content":{"rendered":"\t\t<div data-elementor-type=\"wp-page\" data-elementor-id=\"397\" class=\"elementor elementor-397\">\n\t\t\t\t<div class=\"elementor-element elementor-element-00de58c e-flex e-con-boxed e-con e-parent\" data-id=\"00de58c\" data-element_type=\"container\" data-e-type=\"container\">\n\t\t\t\t\t<div class=\"e-con-inner\">\n\t\t\t\t<div class=\"elementor-element elementor-element-c27156f elementor-widget elementor-widget-text-editor\" data-id=\"c27156f\" data-element_type=\"widget\" data-e-type=\"widget\" data-widget_type=\"text-editor.default\">\n\t\t\t\t<div class=\"elementor-widget-container\">\n\t\t\t\t\t\t\t\t\t<p style=\"text-align: center;\">Partons d\u00e9couvrir la Z\u00e9lande autrement. Je vous emm\u00e8ne photographier la nature en Z\u00e9lande aux Pays Bas.<\/p><p style=\"text-align: center;\">3 jours de stage photo oiseaux, paysage du bord de mer , proxi\/macro \u2026<\/p><p style=\"text-align: center;\">Formation sur la manipulation du mat\u00e9riel photo , cours de d\u00e9veloppement sur Lightroom + s\u00e9ance d\u2019analyse d\u2019images .<\/p>\t\t\t\t\t\t\t\t<\/div>\n\t\t\t\t<\/div>\n\t\t\t\t\t<\/div>\n\t\t\t\t<\/div>\n\t\t<div class=\"elementor-element elementor-element-50cb4b2 e-grid e-con-boxed e-con e-parent\" data-id=\"50cb4b2\" data-element_type=\"container\" data-e-type=\"container\">\n\t\t\t\t\t<div class=\"e-con-inner\">\n\t\t\t\t<div class=\"elementor-element elementor-element-680b3a1 elementor-view-default elementor-position-block-start elementor-mobile-position-block-start elementor-widget elementor-widget-icon-box\" data-id=\"680b3a1\" data-element_type=\"widget\" data-e-type=\"widget\" data-widget_type=\"icon-box.default\">\n\t\t\t\t<div class=\"elementor-widget-container\">\n\t\t\t\t\t\t\t<div class=\"elementor-icon-box-wrapper\">\n\n\t\t\t\t\t\t<div class=\"elementor-icon-box-icon\">\n\t\t\t\t<span  class=\"elementor-icon\">\n\t\t\t\t<svg aria-hidden=\"true\" class=\"e-font-icon-svg e-fas-calendar-day\" viewBox=\"0 0 448 512\" xmlns=\"http:\/\/www.w3.org\/2000\/svg\"><path d=\"M0 464c0 26.5 21.5 48 48 48h352c26.5 0 48-21.5 48-48V192H0v272zm64-192c0-8.8 7.2-16 16-16h96c8.8 0 16 7.2 16 16v96c0 8.8-7.2 16-16 16H80c-8.8 0-16-7.2-16-16v-96zM400 64h-48V16c0-8.8-7.2-16-16-16h-32c-8.8 0-16 7.2-16 16v48H160V16c0-8.8-7.2-16-16-16h-32c-8.8 0-16 7.2-16 16v48H48C21.5 64 0 85.5 0 112v48h448v-48c0-26.5-21.5-48-48-48z\"><\/path><\/svg>\t\t\t\t<\/span>\n\t\t\t<\/div>\n\t\t\t\n\t\t\t\t\t\t<div class=\"elementor-icon-box-content\">\n\n\t\t\t\t\t\t\t\t\t<h3 class=\"elementor-icon-box-title\">\n\t\t\t\t\t\t<span  >\n\t\t\t\t\t\t\t3 JOURS<br>Du 19\/06\/2026 au 21\/06\/2026\t\t\t\t\t\t<\/span>\n\t\t\t\t\t<\/h3>\n\t\t\t\t\n\t\t\t\t\n\t\t\t<\/div>\n\t\t\t\n\t\t<\/div>\n\t\t\t\t\t\t<\/div>\n\t\t\t\t<\/div>\n\t\t\t\t<div class=\"elementor-element elementor-element-160bfb6 elementor-view-default elementor-position-block-start elementor-mobile-position-block-start elementor-widget elementor-widget-icon-box\" data-id=\"160bfb6\" data-element_type=\"widget\" data-e-type=\"widget\" data-widget_type=\"icon-box.default\">\n\t\t\t\t<div class=\"elementor-widget-container\">\n\t\t\t\t\t\t\t<div class=\"elementor-icon-box-wrapper\">\n\n\t\t\t\t\t\t<div class=\"elementor-icon-box-icon\">\n\t\t\t\t<span  class=\"elementor-icon\">\n\t\t\t\t<svg aria-hidden=\"true\" class=\"e-font-icon-svg e-fas-euro-sign\" viewBox=\"0 0 320 512\" xmlns=\"http:\/\/www.w3.org\/2000\/svg\"><path d=\"M310.706 413.765c-1.314-6.63-7.835-10.872-14.424-9.369-10.692 2.439-27.422 5.413-45.426 5.413-56.763 0-101.929-34.79-121.461-85.449h113.689a12 12 0 0 0 11.708-9.369l6.373-28.36c1.686-7.502-4.019-14.631-11.708-14.631H115.22c-1.21-14.328-1.414-28.287.137-42.245H261.95a12 12 0 0 0 11.723-9.434l6.512-29.755c1.638-7.484-4.061-14.566-11.723-14.566H130.184c20.633-44.991 62.69-75.03 117.619-75.03 14.486 0 28.564 2.25 37.851 4.145 6.216 1.268 12.347-2.498 14.002-8.623l11.991-44.368c1.822-6.741-2.465-13.616-9.326-14.917C290.217 34.912 270.71 32 249.635 32 152.451 32 74.03 92.252 45.075 176H12c-6.627 0-12 5.373-12 12v29.755c0 6.627 5.373 12 12 12h21.569c-1.009 13.607-1.181 29.287-.181 42.245H12c-6.627 0-12 5.373-12 12v28.36c0 6.627 5.373 12 12 12h30.114C67.139 414.692 145.264 480 249.635 480c26.301 0 48.562-4.544 61.101-7.788 6.167-1.595 10.027-7.708 8.788-13.957l-8.818-44.49z\"><\/path><\/svg>\t\t\t\t<\/span>\n\t\t\t<\/div>\n\t\t\t\n\t\t\t\t\t\t<div class=\"elementor-icon-box-content\">\n\n\t\t\t\t\t\t\t\t\t<h3 class=\"elementor-icon-box-title\">\n\t\t\t\t\t\t<span  >\n\t\t\t\t\t\t\t400 TC\t\t\t\t\t\t<\/span>\n\t\t\t\t\t<\/h3>\n\t\t\t\t\n\t\t\t\t\n\t\t\t<\/div>\n\t\t\t\n\t\t<\/div>\n\t\t\t\t\t\t<\/div>\n\t\t\t\t<\/div>\n\t\t\t\t<div class=\"elementor-element elementor-element-a4f37e2 elementor-view-default elementor-position-block-start elementor-mobile-position-block-start elementor-widget elementor-widget-icon-box\" data-id=\"a4f37e2\" data-element_type=\"widget\" data-e-type=\"widget\" data-widget_type=\"icon-box.default\">\n\t\t\t\t<div class=\"elementor-widget-container\">\n\t\t\t\t\t\t\t<div class=\"elementor-icon-box-wrapper\">\n\n\t\t\t\t\t\t<div class=\"elementor-icon-box-icon\">\n\t\t\t\t<span  class=\"elementor-icon\">\n\t\t\t\t<svg aria-hidden=\"true\" class=\"e-font-icon-svg e-fas-child\" viewBox=\"0 0 384 512\" xmlns=\"http:\/\/www.w3.org\/2000\/svg\"><path d=\"M120 72c0-39.765 32.235-72 72-72s72 32.235 72 72c0 39.764-32.235 72-72 72s-72-32.236-72-72zm254.627 1.373c-12.496-12.497-32.758-12.497-45.254 0L242.745 160H141.254L54.627 73.373c-12.496-12.497-32.758-12.497-45.254 0-12.497 12.497-12.497 32.758 0 45.255L104 213.254V480c0 17.673 14.327 32 32 32h16c17.673 0 32-14.327 32-32V368h16v112c0 17.673 14.327 32 32 32h16c17.673 0 32-14.327 32-32V213.254l94.627-94.627c12.497-12.497 12.497-32.757 0-45.254z\"><\/path><\/svg>\t\t\t\t<\/span>\n\t\t\t<\/div>\n\t\t\t\n\t\t\t\t\t\t<div class=\"elementor-icon-box-content\">\n\n\t\t\t\t\t\t\t\t\t<h3 class=\"elementor-icon-box-title\">\n\t\t\t\t\t\t<span  >\n\t\t\t\t\t\t\tMAX 5\t\t\t\t\t\t<\/span>\n\t\t\t\t\t<\/h3>\n\t\t\t\t\n\t\t\t\t\n\t\t\t<\/div>\n\t\t\t\n\t\t<\/div>\n\t\t\t\t\t\t<\/div>\n\t\t\t\t<\/div>\n\t\t\t\t\t<\/div>\n\t\t\t\t<\/div>\n\t\t<div class=\"elementor-element elementor-element-01e9ce1 e-flex e-con-boxed e-con e-parent\" data-id=\"01e9ce1\" data-element_type=\"container\" data-e-type=\"container\">\n\t\t\t\t\t<div class=\"e-con-inner\">\n\t\t\t\t<div class=\"elementor-element elementor-element-cda8c41 elementor-widget elementor-widget-image-gallery\" data-id=\"cda8c41\" data-element_type=\"widget\" data-e-type=\"widget\" data-widget_type=\"image-gallery.default\">\n\t\t\t\t<div class=\"elementor-widget-container\">\n\t\t\t\t\t\t\t<div class=\"elementor-image-gallery\">\n\t\t\t<div id='gallery-1' class='gallery galleryid-397 gallery-columns-3 gallery-size-large'><figure class='gallery-item'>\n\t\t\t<div class='gallery-icon landscape'>\n\t\t\t\t<a data-elementor-open-lightbox=\"yes\" data-elementor-lightbox-slideshow=\"cda8c41\" data-elementor-lightbox-title=\"MG_1498-1-2\" data-e-action-hash=\"#elementor-action%3Aaction%3Dlightbox%26settings%3DeyJpZCI6MjQwLCJ1cmwiOiJodHRwczpcL1wvbmF0dXJlbGl2ZS5iZVwvd3AtY29udGVudFwvdXBsb2Fkc1wvMjAyNFwvMTFcL01HXzE0OTgtMS0yLmpwZyIsInNsaWRlc2hvdyI6ImNkYThjNDEifQ%3D%3D\" href='https:\/\/naturelive.be\/wp-content\/uploads\/2024\/11\/MG_1498-1-2.jpg'><img fetchpriority=\"high\" decoding=\"async\" width=\"843\" height=\"650\" src=\"https:\/\/naturelive.be\/wp-content\/uploads\/2024\/11\/MG_1498-1-2.jpg\" class=\"attachment-large size-large\" alt=\"\" srcset=\"https:\/\/naturelive.be\/wp-content\/uploads\/2024\/11\/MG_1498-1-2.jpg 999w, https:\/\/naturelive.be\/wp-content\/uploads\/2024\/11\/MG_1498-1-2-600x462.jpg 600w, https:\/\/naturelive.be\/wp-content\/uploads\/2024\/11\/MG_1498-1-2-300x231.jpg 300w, https:\/\/naturelive.be\/wp-content\/uploads\/2024\/11\/MG_1498-1-2-768x592.jpg 768w\" sizes=\"(max-width: 843px) 100vw, 843px\" \/><\/a>\n\t\t\t<\/div><\/figure><figure class='gallery-item'>\n\t\t\t<div class='gallery-icon landscape'>\n\t\t\t\t<a data-elementor-open-lightbox=\"yes\" data-elementor-lightbox-slideshow=\"cda8c41\" data-elementor-lightbox-title=\"MG_8374\" data-e-action-hash=\"#elementor-action%3Aaction%3Dlightbox%26settings%3DeyJpZCI6MjY0LCJ1cmwiOiJodHRwczpcL1wvbmF0dXJlbGl2ZS5iZVwvd3AtY29udGVudFwvdXBsb2Fkc1wvMjAyNFwvMTFcL01HXzgzNzQuanBnIiwic2xpZGVzaG93IjoiY2RhOGM0MSJ9\" href='https:\/\/naturelive.be\/wp-content\/uploads\/2024\/11\/MG_8374.jpg'><img decoding=\"async\" width=\"843\" height=\"562\" src=\"https:\/\/naturelive.be\/wp-content\/uploads\/2024\/11\/MG_8374-1024x683.jpg\" class=\"attachment-large size-large\" alt=\"\" srcset=\"https:\/\/naturelive.be\/wp-content\/uploads\/2024\/11\/MG_8374-1024x683.jpg 1024w, https:\/\/naturelive.be\/wp-content\/uploads\/2024\/11\/MG_8374-600x400.jpg 600w, https:\/\/naturelive.be\/wp-content\/uploads\/2024\/11\/MG_8374-300x200.jpg 300w, https:\/\/naturelive.be\/wp-content\/uploads\/2024\/11\/MG_8374-768x512.jpg 768w, https:\/\/naturelive.be\/wp-content\/uploads\/2024\/11\/MG_8374-1536x1024.jpg 1536w, https:\/\/naturelive.be\/wp-content\/uploads\/2024\/11\/MG_8374.jpg 1800w\" sizes=\"(max-width: 843px) 100vw, 843px\" \/><\/a>\n\t\t\t<\/div><\/figure><figure class='gallery-item'>\n\t\t\t<div class='gallery-icon landscape'>\n\t\t\t\t<a data-elementor-open-lightbox=\"yes\" data-elementor-lightbox-slideshow=\"cda8c41\" data-elementor-lightbox-title=\"MG_5238\" data-e-action-hash=\"#elementor-action%3Aaction%3Dlightbox%26settings%3DeyJpZCI6MjUwLCJ1cmwiOiJodHRwczpcL1wvbmF0dXJlbGl2ZS5iZVwvd3AtY29udGVudFwvdXBsb2Fkc1wvMjAyNFwvMTFcL01HXzUyMzguanBnIiwic2xpZGVzaG93IjoiY2RhOGM0MSJ9\" href='https:\/\/naturelive.be\/wp-content\/uploads\/2024\/11\/MG_5238.jpg'><img decoding=\"async\" width=\"843\" height=\"561\" src=\"https:\/\/naturelive.be\/wp-content\/uploads\/2024\/11\/MG_5238-1024x682.jpg\" class=\"attachment-large size-large\" alt=\"\" srcset=\"https:\/\/naturelive.be\/wp-content\/uploads\/2024\/11\/MG_5238-1024x682.jpg 1024w, https:\/\/naturelive.be\/wp-content\/uploads\/2024\/11\/MG_5238-600x400.jpg 600w, https:\/\/naturelive.be\/wp-content\/uploads\/2024\/11\/MG_5238-300x200.jpg 300w, https:\/\/naturelive.be\/wp-content\/uploads\/2024\/11\/MG_5238-768x512.jpg 768w, https:\/\/naturelive.be\/wp-content\/uploads\/2024\/11\/MG_5238-1536x1024.jpg 1536w, https:\/\/naturelive.be\/wp-content\/uploads\/2024\/11\/MG_5238.jpg 2000w\" sizes=\"(max-width: 843px) 100vw, 843px\" \/><\/a>\n\t\t\t<\/div><\/figure><figure class='gallery-item'>\n\t\t\t<div class='gallery-icon landscape'>\n\t\t\t\t<a data-elementor-open-lightbox=\"yes\" data-elementor-lightbox-slideshow=\"cda8c41\" data-elementor-lightbox-title=\"MG_1854\" data-e-action-hash=\"#elementor-action%3Aaction%3Dlightbox%26settings%3DeyJpZCI6MjQyLCJ1cmwiOiJodHRwczpcL1wvbmF0dXJlbGl2ZS5iZVwvd3AtY29udGVudFwvdXBsb2Fkc1wvMjAyNFwvMTFcL01HXzE4NTQuanBnIiwic2xpZGVzaG93IjoiY2RhOGM0MSJ9\" href='https:\/\/naturelive.be\/wp-content\/uploads\/2024\/11\/MG_1854.jpg'><img loading=\"lazy\" decoding=\"async\" width=\"843\" height=\"524\" src=\"https:\/\/naturelive.be\/wp-content\/uploads\/2024\/11\/MG_1854.jpg\" class=\"attachment-large size-large\" alt=\"\" srcset=\"https:\/\/naturelive.be\/wp-content\/uploads\/2024\/11\/MG_1854.jpg 1000w, https:\/\/naturelive.be\/wp-content\/uploads\/2024\/11\/MG_1854-600x373.jpg 600w, https:\/\/naturelive.be\/wp-content\/uploads\/2024\/11\/MG_1854-300x186.jpg 300w, https:\/\/naturelive.be\/wp-content\/uploads\/2024\/11\/MG_1854-768x477.jpg 768w\" sizes=\"(max-width: 843px) 100vw, 843px\" \/><\/a>\n\t\t\t<\/div><\/figure><figure class='gallery-item'>\n\t\t\t<div class='gallery-icon portrait'>\n\t\t\t\t<a data-elementor-open-lightbox=\"yes\" data-elementor-lightbox-slideshow=\"cda8c41\" data-elementor-lightbox-title=\"MG_2197-1\" data-e-action-hash=\"#elementor-action%3Aaction%3Dlightbox%26settings%3DeyJpZCI6MjQzLCJ1cmwiOiJodHRwczpcL1wvbmF0dXJlbGl2ZS5iZVwvd3AtY29udGVudFwvdXBsb2Fkc1wvMjAyNFwvMTFcL01HXzIxOTctMS5qcGciLCJzbGlkZXNob3ciOiJjZGE4YzQxIn0%3D\" href='https:\/\/naturelive.be\/wp-content\/uploads\/2024\/11\/MG_2197-1.jpg'><img loading=\"lazy\" decoding=\"async\" width=\"843\" height=\"861\" src=\"https:\/\/naturelive.be\/wp-content\/uploads\/2024\/11\/MG_2197-1.jpg\" class=\"attachment-large size-large\" alt=\"\" srcset=\"https:\/\/naturelive.be\/wp-content\/uploads\/2024\/11\/MG_2197-1.jpg 979w, https:\/\/naturelive.be\/wp-content\/uploads\/2024\/11\/MG_2197-1-600x613.jpg 600w, https:\/\/naturelive.be\/wp-content\/uploads\/2024\/11\/MG_2197-1-294x300.jpg 294w, https:\/\/naturelive.be\/wp-content\/uploads\/2024\/11\/MG_2197-1-768x784.jpg 768w\" sizes=\"(max-width: 843px) 100vw, 843px\" \/><\/a>\n\t\t\t<\/div><\/figure><figure class='gallery-item'>\n\t\t\t<div class='gallery-icon portrait'>\n\t\t\t\t<a data-elementor-open-lightbox=\"yes\" data-elementor-lightbox-slideshow=\"cda8c41\" data-elementor-lightbox-title=\"MG_5152\" data-e-action-hash=\"#elementor-action%3Aaction%3Dlightbox%26settings%3DeyJpZCI6MjQ5LCJ1cmwiOiJodHRwczpcL1wvbmF0dXJlbGl2ZS5iZVwvd3AtY29udGVudFwvdXBsb2Fkc1wvMjAyNFwvMTFcL01HXzUxNTIuanBnIiwic2xpZGVzaG93IjoiY2RhOGM0MSJ9\" href='https:\/\/naturelive.be\/wp-content\/uploads\/2024\/11\/MG_5152.jpg'><img loading=\"lazy\" decoding=\"async\" width=\"667\" height=\"1000\" src=\"https:\/\/naturelive.be\/wp-content\/uploads\/2024\/11\/MG_5152.jpg\" class=\"attachment-large size-large\" alt=\"\" srcset=\"https:\/\/naturelive.be\/wp-content\/uploads\/2024\/11\/MG_5152.jpg 667w, https:\/\/naturelive.be\/wp-content\/uploads\/2024\/11\/MG_5152-600x900.jpg 600w, https:\/\/naturelive.be\/wp-content\/uploads\/2024\/11\/MG_5152-200x300.jpg 200w\" sizes=\"(max-width: 667px) 100vw, 667px\" \/><\/a>\n\t\t\t<\/div><\/figure>\n\t\t<\/div>\n\t\t<\/div>\n\t\t\t\t\t\t<\/div>\n\t\t\t\t<\/div>\n\t\t\t\t\t<\/div>\n\t\t\t\t<\/div>\n\t\t<div class=\"elementor-element elementor-element-293551d e-flex e-con-boxed e-con e-parent\" data-id=\"293551d\" data-element_type=\"container\" data-e-type=\"container\">\n\t\t\t\t\t<div class=\"e-con-inner\">\n\t\t\t\t<div class=\"elementor-element elementor-element-22b1fca elementor-widget elementor-widget-text-editor\" data-id=\"22b1fca\" data-element_type=\"widget\" data-e-type=\"widget\" data-widget_type=\"text-editor.default\">\n\t\t\t\t<div class=\"elementor-widget-container\">\n\t\t\t\t\t\t\t\t\t<p><strong>LOGEMENT<\/strong><\/p><p>Bungalow tout confort<\/p><p><strong>PROGRAMME<\/strong><\/p><p><em><strong>Jour 1<\/strong><\/em><br \/>On se retrouve au Bungalow vendredi soir entre 19 et 20h. Vous venez par vos propres moyens.\u00a0<br \/>Vous vous installez dans un bungalow.\u00a0<br \/>On prend le repas du soir ensemble et je vous explique le d\u00e9roulement des 2 jours.<\/p><p><em><strong>Jour 2<\/strong><\/em><\/p><p>\u2013 5h30 : on part du camping vers les aff\u00fbts.<\/p><p>La moiti\u00e9 du groupe va \u00e0 l\u2019observatoire pr\u00e9vu pour les photographes et l\u2019autre moiti\u00e9 vient avec moi en aff\u00fbt couch\u00e9 dans une r\u00e9serve naturelle.<\/p><p>\u2013 8h00 : Pendant que les lumi\u00e8res sont encore correctes, on longe en voiture les \u00e9tangs pour faire des photos.<\/p><p>\u2013 10h00 : Retour au camping pour le petit-d\u00e9jeuner et se r\u00e9chauffer un peu.<\/p><p>\u2013 11h00 : On part faire le tour des diff\u00e9rents spots photo et on va voir les phoques.<\/p><p>\u2013 18h00 :\u00a0Retour au bungalow,\u00a0 d\u00e9veloppement des images\u00a0 prises la journ\u00e9e, projection pendant l\u2019ap\u00e9ro .<\/p><p><em><strong>Jour 3<\/strong><\/em><\/p><p>\u2013 5h30 on part du camping vers les aff\u00fbts.<\/p><p>La moiti\u00e9 du groupe va \u00e0 l\u2019observatoire pr\u00e9vu pour les photographes et l\u2019autre moiti\u00e9 vient avec moi en aff\u00fbt couch\u00e9 dans une r\u00e9serve naturelle.<\/p><p>\u2013 8h00 : Pendant que les lumi\u00e8res sont encore correctes, on longe en voiture les \u00e9tangs pour faire des photos.<\/p><p>\u2013 10h00 : Retour au camping pour le petit-d\u00e9jeuner et se r\u00e9chauffer un peu.<\/p><p>\u2013 11h00 :\u00a0Cours de d\u00e9veloppement sur Lightroom\u00a0 suivi d\u2019une s\u00e9ance d\u2019analyse d\u2019images.<\/p><p>\u2013 13h00 : repas<\/p><p>\u2013 14h00 :\u00a0Pour les motiv\u00e9s on repart photographier les paysages de Z\u00e9lande l\u2019apr\u00e8s-midi.<\/p><p>\u2013 18h00 : fin du s\u00e9jour<\/p><p><em>Inclus dans le prix:<\/em><\/p><p>\u2013 tous les logements<\/p><p>\u2013 nourriture et boissons(sauf alcool)<\/p>\t\t\t\t\t\t\t\t<\/div>\n\t\t\t\t<\/div>\n\t\t\t\t\t<\/div>\n\t\t\t\t<\/div>\n\t\t<div class=\"elementor-element elementor-element-ffcbd9c e-flex e-con-boxed e-con e-parent\" data-id=\"ffcbd9c\" data-element_type=\"container\" data-e-type=\"container\">\n\t\t\t\t\t<div class=\"e-con-inner\">\n\t\t\t\t<div class=\"elementor-element elementor-element-65d0f81 elementor-shape-rounded elementor-grid-0 e-grid-align-center elementor-widget elementor-widget-social-icons\" data-id=\"65d0f81\" data-element_type=\"widget\" data-e-type=\"widget\" data-widget_type=\"social-icons.default\">\n\t\t\t\t<div class=\"elementor-widget-container\">\n\t\t\t\t\t\t\t<div class=\"elementor-social-icons-wrapper elementor-grid\" role=\"list\">\n\t\t\t\t\t\t\t<span class=\"elementor-grid-item\" role=\"listitem\">\n\t\t\t\t\t<a class=\"elementor-icon elementor-social-icon elementor-social-icon-facebook elementor-repeater-item-5637ab9\" target=\"_blank\">\n\t\t\t\t\t\t<span class=\"elementor-screen-only\">Facebook<\/span>\n\t\t\t\t\t\t<svg aria-hidden=\"true\" class=\"e-font-icon-svg e-fab-facebook\" viewBox=\"0 0 512 512\" xmlns=\"http:\/\/www.w3.org\/2000\/svg\"><path d=\"M504 256C504 119 393 8 256 8S8 119 8 256c0 123.78 90.69 226.38 209.25 245V327.69h-63V256h63v-54.64c0-62.15 37-96.48 93.67-96.48 27.14 0 55.52 4.84 55.52 4.84v61h-31.28c-30.8 0-40.41 19.12-40.41 38.73V256h68.78l-11 71.69h-57.78V501C413.31 482.38 504 379.78 504 256z\"><\/path><\/svg>\t\t\t\t\t<\/a>\n\t\t\t\t<\/span>\n\t\t\t\t\t\t\t<span class=\"elementor-grid-item\" role=\"listitem\">\n\t\t\t\t\t<a class=\"elementor-icon elementor-social-icon elementor-social-icon-twitter elementor-repeater-item-62b72aa\" target=\"_blank\">\n\t\t\t\t\t\t<span class=\"elementor-screen-only\">Twitter<\/span>\n\t\t\t\t\t\t<svg aria-hidden=\"true\" class=\"e-font-icon-svg e-fab-twitter\" viewBox=\"0 0 512 512\" xmlns=\"http:\/\/www.w3.org\/2000\/svg\"><path d=\"M459.37 151.716c.325 4.548.325 9.097.325 13.645 0 138.72-105.583 298.558-298.558 298.558-59.452 0-114.68-17.219-161.137-47.106 8.447.974 16.568 1.299 25.34 1.299 49.055 0 94.213-16.568 130.274-44.832-46.132-.975-84.792-31.188-98.112-72.772 6.498.974 12.995 1.624 19.818 1.624 9.421 0 18.843-1.3 27.614-3.573-48.081-9.747-84.143-51.98-84.143-102.985v-1.299c13.969 7.797 30.214 12.67 47.431 13.319-28.264-18.843-46.781-51.005-46.781-87.391 0-19.492 5.197-37.36 14.294-52.954 51.655 63.675 129.3 105.258 216.365 109.807-1.624-7.797-2.599-15.918-2.599-24.04 0-57.828 46.782-104.934 104.934-104.934 30.213 0 57.502 12.67 76.67 33.137 23.715-4.548 46.456-13.32 66.599-25.34-7.798 24.366-24.366 44.833-46.132 57.827 21.117-2.273 41.584-8.122 60.426-16.243-14.292 20.791-32.161 39.308-52.628 54.253z\"><\/path><\/svg>\t\t\t\t\t<\/a>\n\t\t\t\t<\/span>\n\t\t\t\t\t<\/div>\n\t\t\t\t\t\t<\/div>\n\t\t\t\t<\/div>\n\t\t\t\t<div class=\"elementor-element elementor-element-ae37722 elementor-icon-list--layout-traditional elementor-list-item-link-full_width elementor-widget elementor-widget-icon-list\" data-id=\"ae37722\" data-element_type=\"widget\" data-e-type=\"widget\" data-widget_type=\"icon-list.default\">\n\t\t\t\t<div class=\"elementor-widget-container\">\n\t\t\t\t\t\t\t<ul class=\"elementor-icon-list-items\">\n\t\t\t\t\t\t\t<li class=\"elementor-icon-list-item\">\n\t\t\t\t\t\t\t\t\t\t\t<span class=\"elementor-icon-list-icon\">\n\t\t\t\t\t\t\t<svg aria-hidden=\"true\" class=\"e-font-icon-svg e-fas-envelope\" viewBox=\"0 0 512 512\" xmlns=\"http:\/\/www.w3.org\/2000\/svg\"><path d=\"M502.3 190.8c3.9-3.1 9.7-.2 9.7 4.7V400c0 26.5-21.5 48-48 48H48c-26.5 0-48-21.5-48-48V195.6c0-5 5.7-7.8 9.7-4.7 22.4 17.4 52.1 39.5 154.1 113.6 21.1 15.4 56.7 47.8 92.2 47.6 35.7.3 72-32.8 92.3-47.6 102-74.1 131.6-96.3 154-113.7zM256 320c23.2.4 56.6-29.2 73.4-41.4 132.7-96.3 142.8-104.7 173.4-128.7 5.8-4.5 9.2-11.5 9.2-18.9v-19c0-26.5-21.5-48-48-48H48C21.5 64 0 85.5 0 112v19c0 7.4 3.4 14.3 9.2 18.9 30.6 23.9 40.7 32.4 173.4 128.7 16.8 12.2 50.2 41.8 73.4 41.4z\"><\/path><\/svg>\t\t\t\t\t\t<\/span>\n\t\t\t\t\t\t\t\t\t\t<span class=\"elementor-icon-list-text\">info@naturelive.be<\/span>\n\t\t\t\t\t\t\t\t\t<\/li>\n\t\t\t\t\t\t\t\t<li class=\"elementor-icon-list-item\">\n\t\t\t\t\t\t\t\t\t\t\t<span class=\"elementor-icon-list-icon\">\n\t\t\t\t\t\t\t<svg aria-hidden=\"true\" class=\"e-font-icon-svg e-fas-phone-alt\" viewBox=\"0 0 512 512\" xmlns=\"http:\/\/www.w3.org\/2000\/svg\"><path d=\"M497.39 361.8l-112-48a24 24 0 0 0-28 6.9l-49.6 60.6A370.66 370.66 0 0 1 130.6 204.11l60.6-49.6a23.94 23.94 0 0 0 6.9-28l-48-112A24.16 24.16 0 0 0 122.6.61l-104 24A24 24 0 0 0 0 48c0 256.5 207.9 464 464 464a24 24 0 0 0 23.4-18.6l24-104a24.29 24.29 0 0 0-14.01-27.6z\"><\/path><\/svg>\t\t\t\t\t\t<\/span>\n\t\t\t\t\t\t\t\t\t\t<span class=\"elementor-icon-list-text\">+32 494\/82 36 52<\/span>\n\t\t\t\t\t\t\t\t\t<\/li>\n\t\t\t\t\t\t<\/ul>\n\t\t\t\t\t\t<\/div>\n\t\t\t\t<\/div>\n\t\t\t\t\t<\/div>\n\t\t\t\t<\/div>\n\t\t\t\t<\/div>\n\t\t","protected":false},"excerpt":{"rendered":"<p>Partons d\u00e9couvrir la Z\u00e9lande autrement. Je vous emm\u00e8ne photographier la nature en Z\u00e9lande aux Pays Bas. 3 jours de stage photo oiseaux, paysage du bord&hellip;<\/p>\n","protected":false},"author":1,"featured_media":225,"parent":0,"menu_order":0,"comment_status":"closed","ping_status":"closed","template":"","meta":{"footnotes":""},"class_list":["post-397","page","type-page","status-publish","has-post-thumbnail","hentry"],"_links":{"self":[{"href":"https:\/\/naturelive.be\/index.php\/wp-json\/wp\/v2\/pages\/397","targetHints":{"allow":["GET"]}}],"collection":[{"href":"https:\/\/naturelive.be\/index.php\/wp-json\/wp\/v2\/pages"}],"about":[{"href":"https:\/\/naturelive.be\/index.php\/wp-json\/wp\/v2\/types\/page"}],"author":[{"embeddable":true,"href":"https:\/\/naturelive.be\/index.php\/wp-json\/wp\/v2\/users\/1"}],"replies":[{"embeddable":true,"href":"https:\/\/naturelive.be\/index.php\/wp-json\/wp\/v2\/comments?post=397"}],"version-history":[{"count":7,"href":"https:\/\/naturelive.be\/index.php\/wp-json\/wp\/v2\/pages\/397\/revisions"}],"predecessor-version":[{"id":542,"href":"https:\/\/naturelive.be\/index.php\/wp-json\/wp\/v2\/pages\/397\/revisions\/542"}],"wp:featuredmedia":[{"embeddable":true,"href":"https:\/\/naturelive.be\/index.php\/wp-json\/wp\/v2\/media\/225"}],"wp:attachment":[{"href":"https:\/\/naturelive.be\/index.php\/wp-json\/wp\/v2\/media?parent=397"}],"curies":[{"name":"wp","href":"https:\/\/api.w.org\/{rel}","templated":true}]}}