{"id":304,"date":"2024-11-13T14:36:56","date_gmt":"2024-11-13T13:36:56","guid":{"rendered":"https:\/\/naturelive.fr\/?page_id=304"},"modified":"2025-09-29T12:14:23","modified_gmt":"2025-09-29T10:14:23","slug":"aventures","status":"publish","type":"page","link":"https:\/\/naturelive.be\/","title":{"rendered":"Stages Photos\/Aventures"},"content":{"rendered":"\t\t<div data-elementor-type=\"wp-page\" data-elementor-id=\"304\" class=\"elementor elementor-304\">\n\t\t\t\t<div class=\"elementor-element elementor-element-97c853c e-flex e-con-boxed e-con e-parent\" data-id=\"97c853c\" data-element_type=\"container\" data-e-type=\"container\">\n\t\t\t\t\t<div class=\"e-con-inner\">\n\t\t\t\t<div class=\"elementor-element elementor-element-04b8d72 elementor-widget elementor-widget-heading\" data-id=\"04b8d72\" data-element_type=\"widget\" data-e-type=\"widget\" data-widget_type=\"heading.default\">\n\t\t\t\t<div class=\"elementor-widget-container\">\n\t\t\t\t\t<h2 class=\"elementor-heading-title elementor-size-default\">Stages Photos<\/h2>\t\t\t\t<\/div>\n\t\t\t\t<\/div>\n\t\t\t\t\t<\/div>\n\t\t\t\t<\/div>\n\t\t<div class=\"elementor-element elementor-element-1afd860 e-flex e-con-boxed e-con e-parent\" data-id=\"1afd860\" data-element_type=\"container\" data-e-type=\"container\">\n\t\t\t\t\t<div class=\"e-con-inner\">\n\t\t\t\t<div class=\"elementor-element elementor-element-9add68d elementor-widget elementor-widget-text-editor\" data-id=\"9add68d\" data-element_type=\"widget\" data-e-type=\"widget\" data-widget_type=\"text-editor.default\">\n\t\t\t\t<div class=\"elementor-widget-container\">\n\t\t\t\t\t\t\t\t\t<p style=\"text-align: center;\" data-start=\"87\" data-end=\"127\"><strong data-start=\"87\" data-end=\"125\">La philosophie de mes stages photo<br \/><\/strong>Mes stages photo ont un objectif clair : vous former et vous faire progresser, tant sur le plan <strong data-start=\"225\" data-end=\"238\">technique<\/strong> qu\u2019<strong data-start=\"242\" data-end=\"256\">artistique<\/strong>.<br data-start=\"257\" data-end=\"260\" \/>Ce ne sont pas de simples voyages photo, mais de v\u00e9ritables <strong data-start=\"320\" data-end=\"345\">formations immersives<\/strong> o\u00f9 je vous accompagne pas \u00e0 pas pour am\u00e9liorer votre pratique.<\/p>\t\t\t\t\t\t\t\t<\/div>\n\t\t\t\t<\/div>\n\t\t\t\t\t<\/div>\n\t\t\t\t<\/div>\n\t\t<div class=\"elementor-element elementor-element-81bee96 e-grid e-con-boxed e-con e-parent\" data-id=\"81bee96\" data-element_type=\"container\" data-e-type=\"container\">\n\t\t\t\t\t<div class=\"e-con-inner\">\n\t\t\t\t<div class=\"elementor-element elementor-element-0bcdb90 elementor-position-top elementor-widget elementor-widget-image-box\" data-id=\"0bcdb90\" data-element_type=\"widget\" data-e-type=\"widget\" data-widget_type=\"image-box.default\">\n\t\t\t\t<div class=\"elementor-widget-container\">\n\t\t\t\t\t<div class=\"elementor-image-box-wrapper\"><figure class=\"elementor-image-box-img\"><a href=\"\/index.php\/voyage-photo-norvege\/\" tabindex=\"-1\"><img fetchpriority=\"high\" decoding=\"async\" width=\"1295\" height=\"641\" src=\"https:\/\/naturelive.be\/wp-content\/uploads\/2025\/09\/IMG_2667.jpg\" class=\"attachment-full size-full wp-image-575\" alt=\"\" srcset=\"https:\/\/naturelive.be\/wp-content\/uploads\/2025\/09\/IMG_2667.jpg 1295w, https:\/\/naturelive.be\/wp-content\/uploads\/2025\/09\/IMG_2667-600x297.jpg 600w, https:\/\/naturelive.be\/wp-content\/uploads\/2025\/09\/IMG_2667-300x148.jpg 300w, https:\/\/naturelive.be\/wp-content\/uploads\/2025\/09\/IMG_2667-1024x507.jpg 1024w, https:\/\/naturelive.be\/wp-content\/uploads\/2025\/09\/IMG_2667-768x380.jpg 768w\" sizes=\"(max-width: 1295px) 100vw, 1295px\" \/><\/a><\/figure><div class=\"elementor-image-box-content\"><h5 class=\"elementor-image-box-title\"><a href=\"\/index.php\/voyage-photo-norvege\/\">VOYAGE PHOTO NORV\u00c8GE<\/a><\/h5><p class=\"elementor-image-box-description\"><p>Partez avec moi pour une semaine d\u2019immersion au c\u0153ur du Dovrefjell, l\u2019un des plus beaux espaces naturels de Norv\u00e8ge !\nAu programme : \u00e9lans, b\u0153ufs musqu\u00e9s, oiseaux embl\u00e9matiques (pluviers dor\u00e9s, gorges-bleues\u2026), paysages grandioses et for\u00eats myst\u00e9rieuses.<\/br><\/br>\n\n\u26a0\ufe0f Ce stage s\u2019adresse aux photographes confirm\u00e9s ( ma\u00eetriser :mode de prise de vue, vitesse, ouverture, ISO) \u26a0\ufe0f<\/p>\n\n<p><b>1900 TC + Vol<\/b><\/p>\n\nDu <b>15\/07\/2026<\/b> au <b>22\/07\/2026<\/b>\n\n<\/p><\/div><\/div>\t\t\t\t<\/div>\n\t\t\t\t<\/div>\n\t\t\t\t<div class=\"elementor-element elementor-element-9f9fefd elementor-position-top elementor-widget elementor-widget-image-box\" data-id=\"9f9fefd\" data-element_type=\"widget\" data-e-type=\"widget\" data-widget_type=\"image-box.default\">\n\t\t\t\t<div class=\"elementor-widget-container\">\n\t\t\t\t\t<div class=\"elementor-image-box-wrapper\"><figure class=\"elementor-image-box-img\"><a href=\"\/index.php\/stage-photo-chambord\/\" tabindex=\"-1\"><img decoding=\"async\" width=\"2560\" height=\"1707\" src=\"https:\/\/naturelive.be\/wp-content\/uploads\/2025\/09\/7T8A2624-Avec-accentuation-Bruit-scaled.jpg\" class=\"attachment-full size-full wp-image-517\" alt=\"\" srcset=\"https:\/\/naturelive.be\/wp-content\/uploads\/2025\/09\/7T8A2624-Avec-accentuation-Bruit-scaled.jpg 2560w, https:\/\/naturelive.be\/wp-content\/uploads\/2025\/09\/7T8A2624-Avec-accentuation-Bruit-scaled-600x400.jpg 600w, https:\/\/naturelive.be\/wp-content\/uploads\/2025\/09\/7T8A2624-Avec-accentuation-Bruit-300x200.jpg 300w, https:\/\/naturelive.be\/wp-content\/uploads\/2025\/09\/7T8A2624-Avec-accentuation-Bruit-1024x683.jpg 1024w, https:\/\/naturelive.be\/wp-content\/uploads\/2025\/09\/7T8A2624-Avec-accentuation-Bruit-768x512.jpg 768w, https:\/\/naturelive.be\/wp-content\/uploads\/2025\/09\/7T8A2624-Avec-accentuation-Bruit-1536x1024.jpg 1536w, https:\/\/naturelive.be\/wp-content\/uploads\/2025\/09\/7T8A2624-Avec-accentuation-Bruit-2048x1365.jpg 2048w\" sizes=\"(max-width: 2560px) 100vw, 2560px\" \/><\/a><\/figure><div class=\"elementor-image-box-content\"><h5 class=\"elementor-image-box-title\"><a href=\"\/index.php\/stage-photo-chambord\/\">STAGE PHOTO CHAMBORD<\/a><\/h5><p class=\"elementor-image-box-description\">Partons sur les traces des grands mammif\u00e8res dans la R\u00e9serve Nationale de Chambord ! \n\nVenez d\u00e9couvrir les bords de la Loire, ses ch\u00e2teaux, ses lacs et sa for\u00eat \nUn stage photo pour tous les passionn\u00e9s : animali\u00e8re, paysages, proxiphotographie et macro.\n\nPlusieurs surprises vous attendent :\n\nBalade en bateau sur la Loire pour photographier le fleuve et ses oiseaux \n<\/p>\n<b>Nouveaux<\/b> !!! Aff\u00fbt photo exclusif matin ou soir dans une zone ferm\u00e9e au public pour observer les animaux dans leur intimit\u00e9  !!<\/p>\n\n\n\n<p><b>950 TC<\/b><\/p>\n\nDu <b>07\/09\/2026<\/b> au <b>13\/09\/2006<\/b><\/p><\/div><\/div>\t\t\t\t<\/div>\n\t\t\t\t<\/div>\n\t\t\t\t<div class=\"elementor-element elementor-element-1fcd2fa elementor-position-top elementor-widget elementor-widget-image-box\" data-id=\"1fcd2fa\" data-element_type=\"widget\" data-e-type=\"widget\" data-widget_type=\"image-box.default\">\n\t\t\t\t<div class=\"elementor-widget-container\">\n\t\t\t\t\t<div class=\"elementor-image-box-wrapper\"><figure class=\"elementor-image-box-img\"><a href=\"\/index.php\/stage-photo-zelande\/\" tabindex=\"-1\"><img decoding=\"async\" width=\"999\" height=\"770\" src=\"https:\/\/naturelive.be\/wp-content\/uploads\/2024\/11\/MG_1498-1-2.jpg\" class=\"attachment-full size-full wp-image-240\" alt=\"\" srcset=\"https:\/\/naturelive.be\/wp-content\/uploads\/2024\/11\/MG_1498-1-2.jpg 999w, https:\/\/naturelive.be\/wp-content\/uploads\/2024\/11\/MG_1498-1-2-600x462.jpg 600w, https:\/\/naturelive.be\/wp-content\/uploads\/2024\/11\/MG_1498-1-2-300x231.jpg 300w, https:\/\/naturelive.be\/wp-content\/uploads\/2024\/11\/MG_1498-1-2-768x592.jpg 768w\" sizes=\"(max-width: 999px) 100vw, 999px\" \/><\/a><\/figure><div class=\"elementor-image-box-content\"><h5 class=\"elementor-image-box-title\"><a href=\"\/index.php\/stage-photo-zelande\/\">STAGE PHOTO ZELANDE<\/a><\/h5><p class=\"elementor-image-box-description\"><p>Partons d\u00e9couvrir la Z\u00e9lande autrement. Je vous emm\u00e8ne photographier la nature en Z\u00e9lande aux Pays-Bas. 3 jours de stage photos oiseaux, paysage du bord de mer, proxi et macro. Formation sur la manipulation du mat\u00e9riel photo et s\u00e9ance d'analyse d'images .<\/p>\n\n<p><b>400 TC<\/b><\/p>\n\nDu <b>19\/06\/2026<\/b> au <b>21\/06\/2026<\/b><\/p><\/div><\/div>\t\t\t\t<\/div>\n\t\t\t\t<\/div>\n\t\t\t\t\t<\/div>\n\t\t\t\t<\/div>\n\t\t<div class=\"elementor-element elementor-element-e898142 e-flex e-con-boxed e-con e-parent\" data-id=\"e898142\" data-element_type=\"container\" data-e-type=\"container\">\n\t\t\t\t\t<div class=\"e-con-inner\">\n\t\t<div class=\"elementor-element elementor-element-57a6919 e-con-full e-flex e-con e-child\" data-id=\"57a6919\" data-element_type=\"container\" data-e-type=\"container\">\n\t\t\t\t<\/div>\n\t\t<div class=\"elementor-element elementor-element-b9b8500 e-con-full e-flex e-con e-child\" data-id=\"b9b8500\" data-element_type=\"container\" data-e-type=\"container\">\n\t\t\t\t<div class=\"elementor-element elementor-element-1897ef7 elementor-position-top elementor-widget elementor-widget-image-box\" data-id=\"1897ef7\" data-element_type=\"widget\" data-e-type=\"widget\" data-widget_type=\"image-box.default\">\n\t\t\t\t<div class=\"elementor-widget-container\">\n\t\t\t\t\t<div class=\"elementor-image-box-wrapper\"><figure class=\"elementor-image-box-img\"><a href=\"\/index.php\/stage-photo-vosges\/\" tabindex=\"-1\"><img loading=\"lazy\" decoding=\"async\" width=\"2000\" height=\"1066\" src=\"https:\/\/naturelive.be\/wp-content\/uploads\/2024\/11\/MG_0061.jpg\" class=\"attachment-full size-full wp-image-226\" alt=\"\" srcset=\"https:\/\/naturelive.be\/wp-content\/uploads\/2024\/11\/MG_0061.jpg 2000w, https:\/\/naturelive.be\/wp-content\/uploads\/2024\/11\/MG_0061-600x320.jpg 600w, https:\/\/naturelive.be\/wp-content\/uploads\/2024\/11\/MG_0061-300x160.jpg 300w, https:\/\/naturelive.be\/wp-content\/uploads\/2024\/11\/MG_0061-1024x546.jpg 1024w, https:\/\/naturelive.be\/wp-content\/uploads\/2024\/11\/MG_0061-768x409.jpg 768w, https:\/\/naturelive.be\/wp-content\/uploads\/2024\/11\/MG_0061-1536x819.jpg 1536w\" sizes=\"(max-width: 2000px) 100vw, 2000px\" \/><\/a><\/figure><div class=\"elementor-image-box-content\"><h5 class=\"elementor-image-box-title\"><a href=\"\/index.php\/stage-photo-vosges\/\">STAGE PHOTO VOSGES<\/a><\/h5><p class=\"elementor-image-box-description\"><p>Je vous emm\u00e8ne dans le massif des Vosges. Nous partirons photographier le lever de soleil au sommet de sa montagne et d\u00e9couvrir ses for\u00eats et ses lacs. Nous aurons l'occasion d'observer les chamois. 4 jours de voyage photo et de stage.<\/p>\n\n<p>En <b>demi-pension <\/b> \u00e0 l\u2019Auberge du Pied du Hohneck<\/p>\n\n<p><b>500 TC<\/b><\/p>\n\nDu <b>14\/05\/2026<\/b> au <b>17\/05\/2026<\/b><\/p><\/div><\/div>\t\t\t\t<\/div>\n\t\t\t\t<\/div>\n\t\t\t\t<\/div>\n\t\t<div class=\"elementor-element elementor-element-897e18c e-con-full e-flex e-con e-child\" data-id=\"897e18c\" data-element_type=\"container\" data-e-type=\"container\">\n\t\t\t\t<\/div>\n\t\t\t\t\t<\/div>\n\t\t\t\t<\/div>\n\t\t<div class=\"elementor-element elementor-element-76719cb e-flex e-con-boxed e-con e-parent\" data-id=\"76719cb\" data-element_type=\"container\" data-e-type=\"container\">\n\t\t\t\t\t<div class=\"e-con-inner\">\n\t\t\t\t<div class=\"elementor-element elementor-element-f71ad58 elementor-widget elementor-widget-heading\" data-id=\"f71ad58\" data-element_type=\"widget\" data-e-type=\"widget\" data-widget_type=\"heading.default\">\n\t\t\t\t<div class=\"elementor-widget-container\">\n\t\t\t\t\t<h2 class=\"elementor-heading-title elementor-size-default\">Aventure<\/h2>\t\t\t\t<\/div>\n\t\t\t\t<\/div>\n\t\t\t\t\t<\/div>\n\t\t\t\t<\/div>\n\t\t<div class=\"elementor-element elementor-element-9193e9d e-grid e-con-boxed e-con e-parent\" data-id=\"9193e9d\" data-element_type=\"container\" data-e-type=\"container\">\n\t\t\t\t\t<div class=\"e-con-inner\">\n\t\t\t\t<div class=\"elementor-element elementor-element-1dc0dbe elementor-position-top elementor-widget elementor-widget-image-box\" data-id=\"1dc0dbe\" data-element_type=\"widget\" data-e-type=\"widget\" data-widget_type=\"image-box.default\">\n\t\t\t\t<div class=\"elementor-widget-container\">\n\t\t\t\t\t<div class=\"elementor-image-box-wrapper\"><figure class=\"elementor-image-box-img\"><a href=\"\/index.php\/canoe-en-suede\/\" tabindex=\"-1\"><img loading=\"lazy\" decoding=\"async\" width=\"1024\" height=\"768\" src=\"https:\/\/naturelive.be\/wp-content\/uploads\/2024\/11\/DSCF2803.jpg\" class=\"attachment-full size-full wp-image-206\" alt=\"\" srcset=\"https:\/\/naturelive.be\/wp-content\/uploads\/2024\/11\/DSCF2803.jpg 1024w, https:\/\/naturelive.be\/wp-content\/uploads\/2024\/11\/DSCF2803-600x450.jpg 600w, https:\/\/naturelive.be\/wp-content\/uploads\/2024\/11\/DSCF2803-300x225.jpg 300w, https:\/\/naturelive.be\/wp-content\/uploads\/2024\/11\/DSCF2803-768x576.jpg 768w\" sizes=\"(max-width: 1024px) 100vw, 1024px\" \/><\/a><\/figure><div class=\"elementor-image-box-content\"><h5 class=\"elementor-image-box-title\"><a href=\"\/index.php\/canoe-en-suede\/\">CANOE EN SUEDE<\/a><\/h5><p class=\"elementor-image-box-description\">On part dans le r\u00e9gion du V\u00e4rmland en Su\u00e8de pour une aventure de 7 jours en cano\u00eb. Une immersion nature hors du commun au milieu des lacs et des rivi\u00e8res. Vous d\u00e9couvrirez la beaut\u00e9 de la nature su\u00e9doise et ses couchers de soleil \u00e0 couper le souffle.\n\n<p><b>1100 \u20ac + vol<\/b><\/p>\nContactez-moi pour les dates\n<\/p><\/div><\/div>\t\t\t\t<\/div>\n\t\t\t\t<\/div>\n\t\t\t\t<div class=\"elementor-element elementor-element-7dd6a63 elementor-position-top elementor-widget elementor-widget-image-box\" data-id=\"7dd6a63\" data-element_type=\"widget\" data-e-type=\"widget\" data-widget_type=\"image-box.default\">\n\t\t\t\t<div class=\"elementor-widget-container\">\n\t\t\t\t\t<div class=\"elementor-image-box-wrapper\"><figure class=\"elementor-image-box-img\"><a href=\"\/index.php\/voilier-a-marsaille\/\" tabindex=\"-1\"><img loading=\"lazy\" decoding=\"async\" width=\"2024\" height=\"1349\" src=\"https:\/\/naturelive.be\/wp-content\/uploads\/2024\/11\/P1010121.jpg\" class=\"attachment-full size-full wp-image-269\" alt=\"\" srcset=\"https:\/\/naturelive.be\/wp-content\/uploads\/2024\/11\/P1010121.jpg 2024w, https:\/\/naturelive.be\/wp-content\/uploads\/2024\/11\/P1010121-600x400.jpg 600w, https:\/\/naturelive.be\/wp-content\/uploads\/2024\/11\/P1010121-300x200.jpg 300w, https:\/\/naturelive.be\/wp-content\/uploads\/2024\/11\/P1010121-1024x682.jpg 1024w, https:\/\/naturelive.be\/wp-content\/uploads\/2024\/11\/P1010121-768x512.jpg 768w, https:\/\/naturelive.be\/wp-content\/uploads\/2024\/11\/P1010121-1536x1024.jpg 1536w\" sizes=\"(max-width: 2024px) 100vw, 2024px\" \/><\/a><\/figure><div class=\"elementor-image-box-content\"><h5 class=\"elementor-image-box-title\"><a href=\"\/index.php\/voilier-a-marsaille\/\">VOILIER A MARSEILLE<\/a><\/h5><p class=\"elementor-image-box-description\">D\u00e9couvrir Marseille et ses calanques autrement. Je vous emm\u00e8ne sur un voilier de 13 m\u00e8tres pour 4 jours d\u2019aventure en eau bleue et au soleil. Notre capitaine, Daniel, vous apprend \u00e0 naviguer avec son bateau et nous fait d\u00e9couvrir sa belle r\u00e9gion.\n\n<p><b>1200 \u20ac TC<\/b><\/p>\n\nContactez-moi pour les dates<\/p><\/div><\/div>\t\t\t\t<\/div>\n\t\t\t\t<\/div>\n\t\t\t\t<div class=\"elementor-element elementor-element-37a3eab elementor-position-top elementor-widget elementor-widget-image-box\" data-id=\"37a3eab\" data-element_type=\"widget\" data-e-type=\"widget\" data-widget_type=\"image-box.default\">\n\t\t\t\t<div class=\"elementor-widget-container\">\n\t\t\t\t\t<div class=\"elementor-image-box-wrapper\"><figure class=\"elementor-image-box-img\"><a href=\"\/index.php\/randonnee-en-laponie\/\" tabindex=\"-1\"><img loading=\"lazy\" decoding=\"async\" width=\"1000\" height=\"750\" src=\"https:\/\/naturelive.be\/wp-content\/uploads\/2024\/11\/DSCN1970-1.jpg\" class=\"attachment-full size-full wp-image-219\" alt=\"\" srcset=\"https:\/\/naturelive.be\/wp-content\/uploads\/2024\/11\/DSCN1970-1.jpg 1000w, https:\/\/naturelive.be\/wp-content\/uploads\/2024\/11\/DSCN1970-1-600x450.jpg 600w, https:\/\/naturelive.be\/wp-content\/uploads\/2024\/11\/DSCN1970-1-300x225.jpg 300w, https:\/\/naturelive.be\/wp-content\/uploads\/2024\/11\/DSCN1970-1-768x576.jpg 768w\" sizes=\"(max-width: 1000px) 100vw, 1000px\" \/><\/a><\/figure><div class=\"elementor-image-box-content\"><h5 class=\"elementor-image-box-title\"><a href=\"\/index.php\/randonnee-en-laponie\/\">RANDONN\u00c9E EN LAPONIE<\/a><\/h5><p class=\"elementor-image-box-description\">On monte dans le grand nord au-dessus du cercle polaire pour une randonn\u00e9e mythique en Laponie su\u00e9doise \u00ab la kungsleden \u00bb. 150 km \u00e0 parcourir dans l\u2019immensit\u00e9 des steppes de Laponie, au milieu des rennes et des neiges \u00e9ternelles.\n\n<p><b>1600\u20ac + vol<\/b><\/p>\n\nContactez-moi pour les dates<\/p><\/div><\/div>\t\t\t\t<\/div>\n\t\t\t\t<\/div>\n\t\t\t\t\t<\/div>\n\t\t\t\t<\/div>\n\t\t<div class=\"elementor-element elementor-element-37e48f8 e-grid e-con-boxed e-con e-parent\" data-id=\"37e48f8\" data-element_type=\"container\" data-e-type=\"container\">\n\t\t\t\t\t<div class=\"e-con-inner\">\n\t\t\t\t<div class=\"elementor-element elementor-element-faf7867 elementor-position-top elementor-widget elementor-widget-image-box\" data-id=\"faf7867\" data-element_type=\"widget\" data-e-type=\"widget\" data-widget_type=\"image-box.default\">\n\t\t\t\t<div class=\"elementor-widget-container\">\n\t\t\t\t\t<div class=\"elementor-image-box-wrapper\"><figure class=\"elementor-image-box-img\"><a href=\"\/index.php\/into-the-wild-in-sweden\/\" tabindex=\"-1\"><img loading=\"lazy\" decoding=\"async\" width=\"1000\" height=\"667\" src=\"https:\/\/naturelive.be\/wp-content\/uploads\/2024\/11\/MG_6209.jpg\" class=\"attachment-full size-full wp-image-254\" alt=\"\" srcset=\"https:\/\/naturelive.be\/wp-content\/uploads\/2024\/11\/MG_6209.jpg 1000w, https:\/\/naturelive.be\/wp-content\/uploads\/2024\/11\/MG_6209-600x400.jpg 600w, https:\/\/naturelive.be\/wp-content\/uploads\/2024\/11\/MG_6209-300x200.jpg 300w, https:\/\/naturelive.be\/wp-content\/uploads\/2024\/11\/MG_6209-768x512.jpg 768w\" sizes=\"(max-width: 1000px) 100vw, 1000px\" \/><\/a><\/figure><div class=\"elementor-image-box-content\"><h5 class=\"elementor-image-box-title\"><a href=\"\/index.php\/into-the-wild-in-sweden\/\">INTO DE WILD IN SWEDEN<\/a><\/h5><p class=\"elementor-image-box-description\">Vivez une exp\u00e9rience nature hors du commun, une semaine en harmonie compl\u00e8te avec la nature. On monte les tentes et on installe le campement au bord du lac \u2026. , on y reste toute la semaine pour vivre au rythme de la nature. Une semaine coup\u00e9e du monde et de la technologie pour profiter du silence et du calme de la for\u00eat.\n\n<p><b>800\u20ac + vol<\/b><\/p>\n\nContactez-moi pour les dates<\/p><\/div><\/div>\t\t\t\t<\/div>\n\t\t\t\t<\/div>\n\t\t\t\t<div class=\"elementor-element elementor-element-25c84f8 elementor-position-top elementor-widget elementor-widget-image-box\" data-id=\"25c84f8\" data-element_type=\"widget\" data-e-type=\"widget\" data-widget_type=\"image-box.default\">\n\t\t\t\t<div class=\"elementor-widget-container\">\n\t\t\t\t\t<div class=\"elementor-image-box-wrapper\"><figure class=\"elementor-image-box-img\"><a href=\"\/index.php\/randonnee-bivouac-ardennes-francaises\/\" tabindex=\"-1\"><img loading=\"lazy\" decoding=\"async\" width=\"1024\" height=\"768\" src=\"https:\/\/naturelive.be\/wp-content\/uploads\/2024\/11\/61973579_10217259224006367_3619112474957053952_o-1024x768-1.jpg\" class=\"attachment-full size-full wp-image-197\" alt=\"\" srcset=\"https:\/\/naturelive.be\/wp-content\/uploads\/2024\/11\/61973579_10217259224006367_3619112474957053952_o-1024x768-1.jpg 1024w, https:\/\/naturelive.be\/wp-content\/uploads\/2024\/11\/61973579_10217259224006367_3619112474957053952_o-1024x768-1-600x450.jpg 600w, https:\/\/naturelive.be\/wp-content\/uploads\/2024\/11\/61973579_10217259224006367_3619112474957053952_o-1024x768-1-300x225.jpg 300w, https:\/\/naturelive.be\/wp-content\/uploads\/2024\/11\/61973579_10217259224006367_3619112474957053952_o-1024x768-1-768x576.jpg 768w\" sizes=\"(max-width: 1024px) 100vw, 1024px\" \/><\/a><\/figure><div class=\"elementor-image-box-content\"><h5 class=\"elementor-image-box-title\"><a href=\"\/index.php\/randonnee-bivouac-ardennes-francaises\/\">RANDONN\u00c9E BIVOUAC ARDENNES FRAN\u00c7AISES<\/a><\/h5><p class=\"elementor-image-box-description\">Vous r\u00eavez de faire des randonn\u00e9es de plusieurs jours, de vivre des aventures nature hors du commun. Mais vous n'osez pas: vous ne savez pas comment vous y prendre, o\u00f9 aller, etc \u2026. Ou vous avez simplement envie de passer un weekend en randonn\u00e9e  Pour ce faire je vous emm\u00e8ne faire une rando de 2 jours dans les Ardennes fran\u00e7aise en bivouac.\n\n<p><b>150\u20ac<\/b><\/p>\n\nContactez-moi pour les dates<\/p><\/div><\/div>\t\t\t\t<\/div>\n\t\t\t\t<\/div>\n\t\t\t\t\t<\/div>\n\t\t\t\t<\/div>\n\t\t\t\t<\/div>\n\t\t","protected":false},"excerpt":{"rendered":"<p>Stages Photos La philosophie de mes stages photoMes stages photo ont un objectif clair : vous former et vous faire progresser, tant sur le plan&hellip;<\/p>\n","protected":false},"author":1,"featured_media":276,"parent":0,"menu_order":0,"comment_status":"closed","ping_status":"closed","template":"elementor_header_footer","meta":{"footnotes":""},"class_list":["post-304","page","type-page","status-publish","has-post-thumbnail","hentry"],"_links":{"self":[{"href":"https:\/\/naturelive.be\/index.php\/wp-json\/wp\/v2\/pages\/304","targetHints":{"allow":["GET"]}}],"collection":[{"href":"https:\/\/naturelive.be\/index.php\/wp-json\/wp\/v2\/pages"}],"about":[{"href":"https:\/\/naturelive.be\/index.php\/wp-json\/wp\/v2\/types\/page"}],"author":[{"embeddable":true,"href":"https:\/\/naturelive.be\/index.php\/wp-json\/wp\/v2\/users\/1"}],"replies":[{"embeddable":true,"href":"https:\/\/naturelive.be\/index.php\/wp-json\/wp\/v2\/comments?post=304"}],"version-history":[{"count":82,"href":"https:\/\/naturelive.be\/index.php\/wp-json\/wp\/v2\/pages\/304\/revisions"}],"predecessor-version":[{"id":586,"href":"https:\/\/naturelive.be\/index.php\/wp-json\/wp\/v2\/pages\/304\/revisions\/586"}],"wp:featuredmedia":[{"embeddable":true,"href":"https:\/\/naturelive.be\/index.php\/wp-json\/wp\/v2\/media\/276"}],"wp:attachment":[{"href":"https:\/\/naturelive.be\/index.php\/wp-json\/wp\/v2\/media?parent=304"}],"curies":[{"name":"wp","href":"https:\/\/api.w.org\/{rel}","templated":true}]}}