{"id":295,"date":"2024-11-13T13:05:55","date_gmt":"2024-11-13T12:05:55","guid":{"rendered":"https:\/\/naturelive.fr\/?page_id=295"},"modified":"2024-11-13T16:17:36","modified_gmt":"2024-11-13T15:17:36","slug":"a-propos-de-moi","status":"publish","type":"page","link":"https:\/\/naturelive.be\/index.php\/a-propos-de-moi\/","title":{"rendered":"A propos de moi"},"content":{"rendered":"\t\t<div data-elementor-type=\"wp-page\" data-elementor-id=\"295\" class=\"elementor elementor-295\">\n\t\t\t\t<div class=\"elementor-element elementor-element-af367f7 e-flex e-con-boxed e-con e-parent\" data-id=\"af367f7\" data-element_type=\"container\" data-e-type=\"container\">\n\t\t\t\t\t<div class=\"e-con-inner\">\n\t\t<div class=\"elementor-element elementor-element-06b86cd e-con-full e-flex e-con e-child\" data-id=\"06b86cd\" data-element_type=\"container\" data-e-type=\"container\">\n\t\t\t\t<div class=\"elementor-element elementor-element-54cf682 elementor-widget elementor-widget-image\" data-id=\"54cf682\" data-element_type=\"widget\" data-e-type=\"widget\" data-widget_type=\"image.default\">\n\t\t\t\t<div class=\"elementor-widget-container\">\n\t\t\t\t\t\t\t\t\t\t\t\t\t\t\t<img fetchpriority=\"high\" decoding=\"async\" width=\"683\" height=\"683\" src=\"https:\/\/naturelive.be\/wp-content\/uploads\/2024\/11\/44783480_1934157976880309_3721618174488084480_n.jpg\" class=\"attachment-large size-large wp-image-193\" alt=\"\" srcset=\"https:\/\/naturelive.be\/wp-content\/uploads\/2024\/11\/44783480_1934157976880309_3721618174488084480_n.jpg 683w, https:\/\/naturelive.be\/wp-content\/uploads\/2024\/11\/44783480_1934157976880309_3721618174488084480_n-300x300.jpg 300w, https:\/\/naturelive.be\/wp-content\/uploads\/2024\/11\/44783480_1934157976880309_3721618174488084480_n-100x100.jpg 100w, https:\/\/naturelive.be\/wp-content\/uploads\/2024\/11\/44783480_1934157976880309_3721618174488084480_n-600x600.jpg 600w, https:\/\/naturelive.be\/wp-content\/uploads\/2024\/11\/44783480_1934157976880309_3721618174488084480_n-150x150.jpg 150w\" sizes=\"(max-width: 683px) 100vw, 683px\" \/>\t\t\t\t\t\t\t\t\t\t\t\t\t\t\t<\/div>\n\t\t\t\t<\/div>\n\t\t\t\t<\/div>\n\t\t<div class=\"elementor-element elementor-element-e388ec9 e-con-full e-flex e-con e-child\" data-id=\"e388ec9\" data-element_type=\"container\" data-e-type=\"container\">\n\t\t\t\t<div class=\"elementor-element elementor-element-d2f1f19 elementor-widget elementor-widget-text-editor\" data-id=\"d2f1f19\" data-element_type=\"widget\" data-e-type=\"widget\" data-widget_type=\"text-editor.default\">\n\t\t\t\t<div class=\"elementor-widget-container\">\n\t\t\t\t\t\t\t\t\t<h5 style=\"text-align: center;\">AVENTURE<\/h5><p style=\"text-align: center;\">Ayant attrap\u00e9 le virus du voyage et des aventures en tout genre, j\u2019ai commenc\u00e9 \u00e0 organiser des randonn\u00e9es de plusieurs jours un peu partout en Europe. J\u2019ai toujours cherch\u00e9 \u00e0 faire des aventures les plus proches possible de la nature (autonomie, rando, voile\u2026).Lors de mes voyages, j \u2018ai d\u00e9couvert des endroits merveilleux o\u00f9 j \u2018ai envie de vous amener<\/p>\t\t\t\t\t\t\t\t<\/div>\n\t\t\t\t<\/div>\n\t\t\t\t<\/div>\n\t\t\t\t\t<\/div>\n\t\t\t\t<\/div>\n\t\t<div class=\"elementor-element elementor-element-f5f0a25 e-flex e-con-boxed e-con e-parent\" data-id=\"f5f0a25\" data-element_type=\"container\" data-e-type=\"container\">\n\t\t\t\t\t<div class=\"e-con-inner\">\n\t\t<div class=\"elementor-element elementor-element-ec8c4c3 e-con-full e-flex e-con e-child\" data-id=\"ec8c4c3\" data-element_type=\"container\" data-e-type=\"container\">\n\t\t\t\t<div class=\"elementor-element elementor-element-37f863c elementor-widget elementor-widget-text-editor\" data-id=\"37f863c\" data-element_type=\"widget\" data-e-type=\"widget\" data-widget_type=\"text-editor.default\">\n\t\t\t\t<div class=\"elementor-widget-container\">\n\t\t\t\t\t\t\t\t\t<h5 style=\"text-align: center;\">PHOTOS<\/h5><p style=\"text-align: center;\">J\u2019ai suivi, il y quelques ann\u00e9es, la formation photos de 2 ans chez Natagora. A la fin de cette formation, on m\u2019a propos\u00e9 de devenir formateur pour eux.<\/p><p style=\"text-align: center;\">Cela fait maintenant trois ans que je m\u2019implique comme formateur dans cette formation et que j\u2019organise des sorties de terrains, toujours avec cette m\u00eame envie de faire d\u00e9couvrir la nature le plus \u201csimplement\u201d possible.<\/p>\t\t\t\t\t\t\t\t<\/div>\n\t\t\t\t<\/div>\n\t\t\t\t<\/div>\n\t\t<div class=\"elementor-element elementor-element-d365e79 e-con-full e-flex e-con e-child\" data-id=\"d365e79\" data-element_type=\"container\" data-e-type=\"container\">\n\t\t\t\t<div class=\"elementor-element elementor-element-f999228 elementor-widget elementor-widget-image\" data-id=\"f999228\" data-element_type=\"widget\" data-e-type=\"widget\" data-widget_type=\"image.default\">\n\t\t\t\t<div class=\"elementor-widget-container\">\n\t\t\t\t\t\t\t\t\t\t\t\t\t\t\t<img decoding=\"async\" width=\"150\" height=\"150\" src=\"https:\/\/naturelive.be\/wp-content\/uploads\/2024\/11\/MG_2197-1-150x150.jpg\" class=\"attachment-thumbnail size-thumbnail wp-image-243\" alt=\"\" srcset=\"https:\/\/naturelive.be\/wp-content\/uploads\/2024\/11\/MG_2197-1-150x150.jpg 150w, https:\/\/naturelive.be\/wp-content\/uploads\/2024\/11\/MG_2197-1-300x300.jpg 300w, https:\/\/naturelive.be\/wp-content\/uploads\/2024\/11\/MG_2197-1-100x100.jpg 100w\" sizes=\"(max-width: 150px) 100vw, 150px\" \/>\t\t\t\t\t\t\t\t\t\t\t\t\t\t\t<\/div>\n\t\t\t\t<\/div>\n\t\t\t\t<\/div>\n\t\t\t\t\t<\/div>\n\t\t\t\t<\/div>\n\t\t<div class=\"elementor-element elementor-element-939b07d e-flex e-con-boxed e-con e-parent\" data-id=\"939b07d\" data-element_type=\"container\" data-e-type=\"container\">\n\t\t\t\t\t<div class=\"e-con-inner\">\n\t\t<div class=\"elementor-element elementor-element-859e150 e-con-full e-flex e-con e-child\" data-id=\"859e150\" data-element_type=\"container\" data-e-type=\"container\">\n\t\t\t\t<div class=\"elementor-element elementor-element-cca7d92 elementor-widget elementor-widget-video\" data-id=\"cca7d92\" data-element_type=\"widget\" data-e-type=\"widget\" data-settings=\"{&quot;youtube_url&quot;:&quot;https:\\\/\\\/youtu.be\\\/3HlKjc8UV54&quot;,&quot;video_type&quot;:&quot;youtube&quot;,&quot;controls&quot;:&quot;yes&quot;}\" data-widget_type=\"video.default\">\n\t\t\t\t<div class=\"elementor-widget-container\">\n\t\t\t\t\t\t\t<div class=\"elementor-wrapper elementor-open-inline\">\n\t\t\t<div class=\"elementor-video\"><\/div>\t\t<\/div>\n\t\t\t\t\t\t<\/div>\n\t\t\t\t<\/div>\n\t\t\t\t<\/div>\n\t\t<div class=\"elementor-element elementor-element-b208fd3 e-con-full e-flex e-con e-child\" data-id=\"b208fd3\" data-element_type=\"container\" data-e-type=\"container\">\n\t\t\t\t<div class=\"elementor-element elementor-element-753924d elementor-widget elementor-widget-text-editor\" data-id=\"753924d\" data-element_type=\"widget\" data-e-type=\"widget\" data-widget_type=\"text-editor.default\">\n\t\t\t\t<div class=\"elementor-widget-container\">\n\t\t\t\t\t\t\t\t\t<h5 style=\"text-align: center;\">VIDEO<\/h5><p style=\"text-align: center;\">Allant au festival nature de Namur chaque ann\u00e9e pour visionner les splendides films nature, j\u2019ai eu envie de me lancer dans la vid\u00e9o nature et de r\u00e9aliser moi aussi mon premier court-m\u00e9trage. J\u2019ai donc suivi la formation \u201cVideo Nature Academy\u201d, tr\u00e8s chouette formation que je vous recommande \u00e9galement !\u00a0<\/p><p style=\"text-align: center;\">A la suite de cette formation et avec les connaissances acquises,\u00a0 j\u2019ai commenc\u00e9 \u00e0 tourner et \u00e0 monter mes premi\u00e8res vid\u00e9os et je d\u00e9pose un court m\u00e9trage par an au festival nature de Namur.<\/p>\t\t\t\t\t\t\t\t<\/div>\n\t\t\t\t<\/div>\n\t\t\t\t<\/div>\n\t\t\t\t\t<\/div>\n\t\t\t\t<\/div>\n\t\t\t\t<\/div>\n\t\t","protected":false},"excerpt":{"rendered":"<p>AVENTURE Ayant attrap\u00e9 le virus du voyage et des aventures en tout genre, j\u2019ai commenc\u00e9 \u00e0 organiser des randonn\u00e9es de plusieurs jours un peu partout&hellip;<\/p>\n","protected":false},"author":1,"featured_media":220,"parent":0,"menu_order":0,"comment_status":"closed","ping_status":"closed","template":"","meta":{"footnotes":""},"class_list":["post-295","page","type-page","status-publish","has-post-thumbnail","hentry"],"_links":{"self":[{"href":"https:\/\/naturelive.be\/index.php\/wp-json\/wp\/v2\/pages\/295","targetHints":{"allow":["GET"]}}],"collection":[{"href":"https:\/\/naturelive.be\/index.php\/wp-json\/wp\/v2\/pages"}],"about":[{"href":"https:\/\/naturelive.be\/index.php\/wp-json\/wp\/v2\/types\/page"}],"author":[{"embeddable":true,"href":"https:\/\/naturelive.be\/index.php\/wp-json\/wp\/v2\/users\/1"}],"replies":[{"embeddable":true,"href":"https:\/\/naturelive.be\/index.php\/wp-json\/wp\/v2\/comments?post=295"}],"version-history":[{"count":7,"href":"https:\/\/naturelive.be\/index.php\/wp-json\/wp\/v2\/pages\/295\/revisions"}],"predecessor-version":[{"id":373,"href":"https:\/\/naturelive.be\/index.php\/wp-json\/wp\/v2\/pages\/295\/revisions\/373"}],"wp:featuredmedia":[{"embeddable":true,"href":"https:\/\/naturelive.be\/index.php\/wp-json\/wp\/v2\/media\/220"}],"wp:attachment":[{"href":"https:\/\/naturelive.be\/index.php\/wp-json\/wp\/v2\/media?parent=295"}],"curies":[{"name":"wp","href":"https:\/\/api.w.org\/{rel}","templated":true}]}}